{"id":3823,"date":"2025-08-10T10:40:48","date_gmt":"2025-08-10T10:40:48","guid":{"rendered":"https:\/\/macronaturalsshop.com\/?post_type=product&#038;p=3823"},"modified":"2025-08-11T03:39:48","modified_gmt":"2025-08-11T03:39:48","slug":"biotina-10000mcg-60tab","status":"publish","type":"product","link":"https:\/\/macronaturalsshop.com\/?product=biotina-10000mcg-60tab","title":{"rendered":"Biotina 10,000 mcg"},"content":{"rendered":"<p>Es conocida como la vitamina B8, interviene en el metabolismo de grasas, purinas, amino\u00e1cidos y glucosa, ayudando a la generaci\u00f3n de energ\u00eda en el cuerpo. Interviene en el crecimiento celular y es necesaria para la salud de la piel, manteni\u00e9ndola hidratada, fortaleciendo las u\u00f1as y controlando la ca\u00edda del cabello y disminuyendo la caspa.<br \/>\nPreviene problemas cut\u00e1neos tales como dermatitis o psoriasis, ya que puede regenerar los tejidos. Mejora el estado de \u00e1nimo, fortalece la salud cardiovascular, ayuda al sistema nervioso previniendo enfermedades neurodegenerativas y regenera el tejido muscular cuando este sufre alg\u00fan problema o debilitamiento. Esto convierte a la biotina en un buen aliado para deportistas y personas mayores.<\/p>\n","protected":false},"excerpt":{"rendered":"<p>\u2013 Proporciona un nutriente necesario para la asimilaci\u00f3n de vitaminas del complejo B.<br \/>\n\u2013 Importante para la producci\u00f3n de \u00e1cidos grasos y energ\u00eda en el organismo.<br \/>\n\u2013 Participa en el crecimiento celular.<br \/>\n\u2013 Apoya la salud de la piel, cabello y u\u00f1as<\/p>\n","protected":false},"featured_media":4943,"comment_status":"open","ping_status":"closed","template":"","meta":[],"product_brand":[454],"product_cat":[408],"product_tag":[582,502,500,501,520,509,503,581],"class_list":{"0":"post-3823","1":"product","2":"type-product","3":"status-publish","4":"has-post-thumbnail","6":"product_brand-alfa","7":"product_cat-cuidado-personal","8":"product_tag-cabello","9":"product_tag-heredia","10":"product_tag-macrobiotica","11":"product_tag-natural","12":"product_tag-natural-shop","13":"product_tag-piel","14":"product_tag-san-pablo","15":"product_tag-unas","17":"first","18":"instock","19":"shipping-taxable","20":"purchasable","21":"product-type-simple"},"jetpack_sharing_enabled":true,"_links":{"self":[{"href":"https:\/\/macronaturalsshop.com\/index.php?rest_route=\/wp\/v2\/product\/3823"}],"collection":[{"href":"https:\/\/macronaturalsshop.com\/index.php?rest_route=\/wp\/v2\/product"}],"about":[{"href":"https:\/\/macronaturalsshop.com\/index.php?rest_route=\/wp\/v2\/types\/product"}],"replies":[{"embeddable":true,"href":"https:\/\/macronaturalsshop.com\/index.php?rest_route=%2Fwp%2Fv2%2Fcomments&post=3823"}],"wp:featuredmedia":[{"embeddable":true,"href":"https:\/\/macronaturalsshop.com\/index.php?rest_route=\/wp\/v2\/media\/4943"}],"wp:attachment":[{"href":"https:\/\/macronaturalsshop.com\/index.php?rest_route=%2Fwp%2Fv2%2Fmedia&parent=3823"}],"wp:term":[{"taxonomy":"product_brand","embeddable":true,"href":"https:\/\/macronaturalsshop.com\/index.php?rest_route=%2Fwp%2Fv2%2Fproduct_brand&post=3823"},{"taxonomy":"product_cat","embeddable":true,"href":"https:\/\/macronaturalsshop.com\/index.php?rest_route=%2Fwp%2Fv2%2Fproduct_cat&post=3823"},{"taxonomy":"product_tag","embeddable":true,"href":"https:\/\/macronaturalsshop.com\/index.php?rest_route=%2Fwp%2Fv2%2Fproduct_tag&post=3823"}],"curies":[{"name":"wp","href":"https:\/\/api.w.org\/{rel}","templated":true}]}}