{"id":3842,"date":"2025-08-11T04:00:33","date_gmt":"2025-08-11T04:00:33","guid":{"rendered":"https:\/\/macronaturalsshop.com\/?post_type=product&#038;p=3842"},"modified":"2025-08-12T02:09:49","modified_gmt":"2025-08-12T02:09:49","slug":"keto-weight-loss","status":"publish","type":"product","link":"https:\/\/macronaturalsshop.com\/?product=keto-weight-loss","title":{"rendered":"Keto Weight Loss"},"content":{"rendered":"<p>Keto weight Loss est\u00e1 dise\u00f1ado para ayudar a quemar grasa m\u00e1s rapido, mantener su energ\u00eda alta y apoyar su metabolismo mientras sigue la dieta keto.<\/p>\n","protected":false},"excerpt":{"rendered":"<p>Ayuda a quemar grasa.<br \/>\nControla el apetito.<br \/>\nIncrementa la energ\u00eda.<\/p>\n","protected":false},"featured_media":3843,"comment_status":"open","ping_status":"closed","template":"","meta":[],"product_brand":[454],"product_cat":[388],"product_tag":[584,502,500,501,520,503],"class_list":{"0":"post-3842","1":"product","2":"type-product","3":"status-publish","4":"has-post-thumbnail","6":"product_brand-alfa","7":"product_cat-control-de-peso","8":"product_tag-control-de-peso","9":"product_tag-heredia","10":"product_tag-macrobiotica","11":"product_tag-natural","12":"product_tag-natural-shop","13":"product_tag-san-pablo","15":"first","16":"instock","17":"shipping-taxable","18":"purchasable","19":"product-type-simple"},"jetpack_sharing_enabled":true,"_links":{"self":[{"href":"https:\/\/macronaturalsshop.com\/index.php?rest_route=\/wp\/v2\/product\/3842"}],"collection":[{"href":"https:\/\/macronaturalsshop.com\/index.php?rest_route=\/wp\/v2\/product"}],"about":[{"href":"https:\/\/macronaturalsshop.com\/index.php?rest_route=\/wp\/v2\/types\/product"}],"replies":[{"embeddable":true,"href":"https:\/\/macronaturalsshop.com\/index.php?rest_route=%2Fwp%2Fv2%2Fcomments&post=3842"}],"wp:featuredmedia":[{"embeddable":true,"href":"https:\/\/macronaturalsshop.com\/index.php?rest_route=\/wp\/v2\/media\/3843"}],"wp:attachment":[{"href":"https:\/\/macronaturalsshop.com\/index.php?rest_route=%2Fwp%2Fv2%2Fmedia&parent=3842"}],"wp:term":[{"taxonomy":"product_brand","embeddable":true,"href":"https:\/\/macronaturalsshop.com\/index.php?rest_route=%2Fwp%2Fv2%2Fproduct_brand&post=3842"},{"taxonomy":"product_cat","embeddable":true,"href":"https:\/\/macronaturalsshop.com\/index.php?rest_route=%2Fwp%2Fv2%2Fproduct_cat&post=3842"},{"taxonomy":"product_tag","embeddable":true,"href":"https:\/\/macronaturalsshop.com\/index.php?rest_route=%2Fwp%2Fv2%2Fproduct_tag&post=3842"}],"curies":[{"name":"wp","href":"https:\/\/api.w.org\/{rel}","templated":true}]}}