{"id":3854,"date":"2025-09-14T01:05:36","date_gmt":"2025-09-14T01:05:36","guid":{"rendered":"https:\/\/macronaturalsshop.com\/?post_type=product&#038;p=3854"},"modified":"2025-09-14T23:04:33","modified_gmt":"2025-09-14T23:04:33","slug":"melatonin-1mg-vit-b6-60cap","status":"publish","type":"product","link":"https:\/\/macronaturalsshop.com\/?product=melatonin-1mg-vit-b6-60cap","title":{"rendered":"Melatonin + B6 1mg"},"content":{"rendered":"<p>Este producto es una f\u00f3rmula que combina la melatonina y la vitamina B-6. La melatonina es una neurohormona, con propiedades antioxidantes, producida en abundancia durante la juventud, pero disminuye progresivamente conforme aumenta la edad. Los niveles de esta sustancia son m\u00e1s elevados antes de acostarse, ya que su s\u00edntesis y liberaci\u00f3n son producto de la supresi\u00f3n de la luz, algunas enfermedades relacionadas con el envejecimiento tienen como origen decrecimiento de la producci\u00f3n de la melatonina. La vitamina B-6 es una vitamina hidrosoluble, est\u00e1 conformada por un grupo de tres compuestos qu\u00edmicos conocidos como piridoxina, piridoxal y piridoxamina. La vitamina B-6 interviene en la producci\u00f3n de sustancias que combaten el estr\u00e9s, el des\u00e1nimo y la irritabilidad entre otras.<\/p>\n","protected":false},"excerpt":{"rendered":"<p>El suplemento de melatonina + B6 es beneficioso, ya que ayuda a combatir el insomnio, reduce el peligro de ciertos tipos de c\u00e1ncer, fortalece el sistema inmunol\u00f3gico y en las mujeres alivia los s\u00edntomas menstruales.<\/p>\n","protected":false},"featured_media":5416,"comment_status":"open","ping_status":"closed","template":"","meta":[],"product_brand":[454],"product_cat":[407],"product_tag":[530,502,533,500,501,520,503],"class_list":{"0":"post-3854","1":"product","2":"type-product","3":"status-publish","4":"has-post-thumbnail","6":"product_brand-alfa","7":"product_cat-sueno","8":"product_tag-control-de-estres","9":"product_tag-heredia","10":"product_tag-insomnio","11":"product_tag-macrobiotica","12":"product_tag-natural","13":"product_tag-natural-shop","14":"product_tag-san-pablo","16":"first","17":"instock","18":"shipping-taxable","19":"purchasable","20":"product-type-simple"},"jetpack_sharing_enabled":true,"_links":{"self":[{"href":"https:\/\/macronaturalsshop.com\/index.php?rest_route=\/wp\/v2\/product\/3854"}],"collection":[{"href":"https:\/\/macronaturalsshop.com\/index.php?rest_route=\/wp\/v2\/product"}],"about":[{"href":"https:\/\/macronaturalsshop.com\/index.php?rest_route=\/wp\/v2\/types\/product"}],"replies":[{"embeddable":true,"href":"https:\/\/macronaturalsshop.com\/index.php?rest_route=%2Fwp%2Fv2%2Fcomments&post=3854"}],"wp:featuredmedia":[{"embeddable":true,"href":"https:\/\/macronaturalsshop.com\/index.php?rest_route=\/wp\/v2\/media\/5416"}],"wp:attachment":[{"href":"https:\/\/macronaturalsshop.com\/index.php?rest_route=%2Fwp%2Fv2%2Fmedia&parent=3854"}],"wp:term":[{"taxonomy":"product_brand","embeddable":true,"href":"https:\/\/macronaturalsshop.com\/index.php?rest_route=%2Fwp%2Fv2%2Fproduct_brand&post=3854"},{"taxonomy":"product_cat","embeddable":true,"href":"https:\/\/macronaturalsshop.com\/index.php?rest_route=%2Fwp%2Fv2%2Fproduct_cat&post=3854"},{"taxonomy":"product_tag","embeddable":true,"href":"https:\/\/macronaturalsshop.com\/index.php?rest_route=%2Fwp%2Fv2%2Fproduct_tag&post=3854"}],"curies":[{"name":"wp","href":"https:\/\/api.w.org\/{rel}","templated":true}]}}