{"id":3860,"date":"2025-08-11T07:00:59","date_gmt":"2025-08-11T07:00:59","guid":{"rendered":"https:\/\/macronaturalsshop.com\/?post_type=product&#038;p=3860"},"modified":"2025-08-12T03:46:16","modified_gmt":"2025-08-12T03:46:16","slug":"multi-daily-120tab","status":"publish","type":"product","link":"https:\/\/macronaturalsshop.com\/?product=multi-daily-120tab","title":{"rendered":"Multi Daily"},"content":{"rendered":"<p>Contiene vitaminas esenciales en una f\u00f3rmula natural que coplementa la nutrici\u00f3n para ayudar a mantener o resaturar la salud. Las vitaminas act\u00faan como catalizadores de los procesos virales del cuerpo, equilibran la actividad de los \u00f3rganos y participan en el funcionaiento saludable del sistema inmunol\u00f3gico, el sistema neural, la estructura \u00f3sea, la digesti\u00f3n, la regeneraci\u00f3n celular y la piel.<\/p>\n","protected":false},"excerpt":{"rendered":"<p>Sistema inmunol\u00f3gico saludable.<br \/>\nEquilibra la actividad de los \u00f3rganos.<br \/>\nRecueraci\u00f3n celular y de piel.<\/p>\n","protected":false},"featured_media":3861,"comment_status":"open","ping_status":"closed","template":"","meta":[],"product_brand":[454],"product_cat":[398],"product_tag":[502,500,501,520,509,503,568],"class_list":{"0":"post-3860","1":"product","2":"type-product","3":"status-publish","4":"has-post-thumbnail","6":"product_brand-alfa","7":"product_cat-vit-y-min","8":"product_tag-heredia","9":"product_tag-macrobiotica","10":"product_tag-natural","11":"product_tag-natural-shop","12":"product_tag-piel","13":"product_tag-san-pablo","14":"product_tag-vitaminas","16":"first","17":"instock","18":"shipping-taxable","19":"purchasable","20":"product-type-simple"},"jetpack_sharing_enabled":true,"_links":{"self":[{"href":"https:\/\/macronaturalsshop.com\/index.php?rest_route=\/wp\/v2\/product\/3860"}],"collection":[{"href":"https:\/\/macronaturalsshop.com\/index.php?rest_route=\/wp\/v2\/product"}],"about":[{"href":"https:\/\/macronaturalsshop.com\/index.php?rest_route=\/wp\/v2\/types\/product"}],"replies":[{"embeddable":true,"href":"https:\/\/macronaturalsshop.com\/index.php?rest_route=%2Fwp%2Fv2%2Fcomments&post=3860"}],"wp:featuredmedia":[{"embeddable":true,"href":"https:\/\/macronaturalsshop.com\/index.php?rest_route=\/wp\/v2\/media\/3861"}],"wp:attachment":[{"href":"https:\/\/macronaturalsshop.com\/index.php?rest_route=%2Fwp%2Fv2%2Fmedia&parent=3860"}],"wp:term":[{"taxonomy":"product_brand","embeddable":true,"href":"https:\/\/macronaturalsshop.com\/index.php?rest_route=%2Fwp%2Fv2%2Fproduct_brand&post=3860"},{"taxonomy":"product_cat","embeddable":true,"href":"https:\/\/macronaturalsshop.com\/index.php?rest_route=%2Fwp%2Fv2%2Fproduct_cat&post=3860"},{"taxonomy":"product_tag","embeddable":true,"href":"https:\/\/macronaturalsshop.com\/index.php?rest_route=%2Fwp%2Fv2%2Fproduct_tag&post=3860"}],"curies":[{"name":"wp","href":"https:\/\/api.w.org\/{rel}","templated":true}]}}