{"id":3869,"date":"2025-08-18T06:50:24","date_gmt":"2025-08-18T06:50:24","guid":{"rendered":"https:\/\/macronaturalsshop.com\/?post_type=product&#038;p=3869"},"modified":"2025-08-19T02:20:40","modified_gmt":"2025-08-19T02:20:40","slug":"vinagre-de-manzana-1000mg-60cap","status":"publish","type":"product","link":"https:\/\/macronaturalsshop.com\/?product=vinagre-de-manzana-1000mg-60cap","title":{"rendered":"Vinagre de Sidra de Manzana 1000mg"},"content":{"rendered":"<p>Contiene \u00e1cidos org\u00e1nicos, como el \u00e1cido ac\u00e9tico, vitamina A, minerales y enzimas con innumerables propiedades ya que regula los niveles de pH en el cuerpo ayudando a que los m\u00fasculos funcionen adecuadamente previniendo calambres, estabiliza los niveles de az\u00facar en sangre, mejora la salud intestinal y la digesti\u00f3n disminuyendo la acidez estomacal y los gases.<\/p>\n","protected":false},"excerpt":{"rendered":"<p>Ayuda a bajar los niveles de \u00e1zucar.<br \/>\nAyuda al control de peso.<\/p>\n","protected":false},"featured_media":5161,"comment_status":"open","ping_status":"closed","template":"","meta":[],"product_brand":[454],"product_cat":[388],"product_tag":[605,584,502,500,501,520,503],"class_list":{"0":"post-3869","1":"product","2":"type-product","3":"status-publish","4":"has-post-thumbnail","6":"product_brand-alfa","7":"product_cat-control-de-peso","8":"product_tag-azucar-en-la-sangre","9":"product_tag-control-de-peso","10":"product_tag-heredia","11":"product_tag-macrobiotica","12":"product_tag-natural","13":"product_tag-natural-shop","14":"product_tag-san-pablo","16":"first","17":"instock","18":"shipping-taxable","19":"purchasable","20":"product-type-simple"},"jetpack_sharing_enabled":true,"_links":{"self":[{"href":"https:\/\/macronaturalsshop.com\/index.php?rest_route=\/wp\/v2\/product\/3869"}],"collection":[{"href":"https:\/\/macronaturalsshop.com\/index.php?rest_route=\/wp\/v2\/product"}],"about":[{"href":"https:\/\/macronaturalsshop.com\/index.php?rest_route=\/wp\/v2\/types\/product"}],"replies":[{"embeddable":true,"href":"https:\/\/macronaturalsshop.com\/index.php?rest_route=%2Fwp%2Fv2%2Fcomments&post=3869"}],"wp:featuredmedia":[{"embeddable":true,"href":"https:\/\/macronaturalsshop.com\/index.php?rest_route=\/wp\/v2\/media\/5161"}],"wp:attachment":[{"href":"https:\/\/macronaturalsshop.com\/index.php?rest_route=%2Fwp%2Fv2%2Fmedia&parent=3869"}],"wp:term":[{"taxonomy":"product_brand","embeddable":true,"href":"https:\/\/macronaturalsshop.com\/index.php?rest_route=%2Fwp%2Fv2%2Fproduct_brand&post=3869"},{"taxonomy":"product_cat","embeddable":true,"href":"https:\/\/macronaturalsshop.com\/index.php?rest_route=%2Fwp%2Fv2%2Fproduct_cat&post=3869"},{"taxonomy":"product_tag","embeddable":true,"href":"https:\/\/macronaturalsshop.com\/index.php?rest_route=%2Fwp%2Fv2%2Fproduct_tag&post=3869"}],"curies":[{"name":"wp","href":"https:\/\/api.w.org\/{rel}","templated":true}]}}