{"id":3939,"date":"2025-08-18T02:35:17","date_gmt":"2025-08-18T02:35:17","guid":{"rendered":"https:\/\/macronaturalsshop.com\/?post_type=product&#038;p=3939"},"modified":"2025-08-18T20:51:51","modified_gmt":"2025-08-18T20:51:51","slug":"l-treonato-de-magnesio-con-lucuma-120cap","status":"publish","type":"product","link":"https:\/\/macronaturalsshop.com\/?product=l-treonato-de-magnesio-con-lucuma-120cap","title":{"rendered":"L-Treonato con Lucuma"},"content":{"rendered":"<p>Eficaz en la mejora de la funci\u00f3n cognitiva, incluyendo la memoria, la concentraci\u00f3n y la capacidad de aprendizaje. Contribuye a mantener la salud cerebral al proporcionar magnesio, un mineral esencial para el buen funcionamiento del cerebro, adem\u00e1s de ser conocido por su capacidad para reducir los niveles de estr\u00e9s y ansiedad, promoviendo una sensaci\u00f3n de calma y bienestar. La l\u00facuma tambi\u00e9n cumple una funci\u00f3n relacionada con la salud mental debido a que tiene efectos antidepresivos, ya que brinda energ\u00eda y vitalidad.<br \/>\nContiene magnesio, vitamina A, Vitamina C, vitamina E, Vitamina B3, Zinc, Calcio, Fibra, Potasio y Hierro.<\/p>\n","protected":false},"excerpt":{"rendered":"<p>Mejora la funci\u00f3n cognitiva, memoria, comcentraci\u00f3n y la capacidad de aprendizaje.<\/p>\n","protected":false},"featured_media":3940,"comment_status":"open","ping_status":"closed","template":"","meta":[],"product_brand":[461],"product_cat":[404],"product_tag":[507,502,500,508,501,520,503],"class_list":{"0":"post-3939","1":"product","2":"type-product","3":"status-publish","4":"has-post-thumbnail","6":"product_brand-distrisalud","7":"product_cat-ansiedad-y-estres","8":"product_tag-concentracion","9":"product_tag-heredia","10":"product_tag-macrobiotica","11":"product_tag-memoria","12":"product_tag-natural","13":"product_tag-natural-shop","14":"product_tag-san-pablo","16":"first","17":"instock","18":"shipping-taxable","19":"purchasable","20":"product-type-simple"},"jetpack_sharing_enabled":true,"_links":{"self":[{"href":"https:\/\/macronaturalsshop.com\/index.php?rest_route=\/wp\/v2\/product\/3939"}],"collection":[{"href":"https:\/\/macronaturalsshop.com\/index.php?rest_route=\/wp\/v2\/product"}],"about":[{"href":"https:\/\/macronaturalsshop.com\/index.php?rest_route=\/wp\/v2\/types\/product"}],"replies":[{"embeddable":true,"href":"https:\/\/macronaturalsshop.com\/index.php?rest_route=%2Fwp%2Fv2%2Fcomments&post=3939"}],"wp:featuredmedia":[{"embeddable":true,"href":"https:\/\/macronaturalsshop.com\/index.php?rest_route=\/wp\/v2\/media\/3940"}],"wp:attachment":[{"href":"https:\/\/macronaturalsshop.com\/index.php?rest_route=%2Fwp%2Fv2%2Fmedia&parent=3939"}],"wp:term":[{"taxonomy":"product_brand","embeddable":true,"href":"https:\/\/macronaturalsshop.com\/index.php?rest_route=%2Fwp%2Fv2%2Fproduct_brand&post=3939"},{"taxonomy":"product_cat","embeddable":true,"href":"https:\/\/macronaturalsshop.com\/index.php?rest_route=%2Fwp%2Fv2%2Fproduct_cat&post=3939"},{"taxonomy":"product_tag","embeddable":true,"href":"https:\/\/macronaturalsshop.com\/index.php?rest_route=%2Fwp%2Fv2%2Fproduct_tag&post=3939"}],"curies":[{"name":"wp","href":"https:\/\/api.w.org\/{rel}","templated":true}]}}