{"id":3943,"date":"2025-08-22T01:20:38","date_gmt":"2025-08-22T01:20:38","guid":{"rendered":"https:\/\/macronaturalsshop.com\/?post_type=product&#038;p=3943"},"modified":"2025-09-22T01:12:44","modified_gmt":"2025-09-22T01:12:44","slug":"magnesio-potasio-curcuma-120-cap","status":"publish","type":"product","link":"https:\/\/macronaturalsshop.com\/?product=magnesio-potasio-curcuma-120-cap","title":{"rendered":"Magnesio, Potasio y Curcuma 120 c\u00e1psulas"},"content":{"rendered":"<p>La combinaci\u00f3n de de Magnesio, Potasio y C\u00farcuma apoya la salud muscular y articular, reducir la inflamaci\u00f3n, mejorar el rendimiento f\u00edsico y favorecer la recuperaci\u00f3n despu\u00e9s del ejercicio, al combinar los efectos relajantes del magnesio, el equilibrio electrol\u00edtico del potasio y las propiedades antiinflamatorias de la c\u00farcuma.<\/p>\n","protected":false},"excerpt":{"rendered":"<p>La combinaci\u00f3n de de Magnesio, Potasio y C\u00farcuma apoya la salud muscular y articular, reducir la inflamaci\u00f3n, mejorar el rendimiento f\u00edsico y favorecer la recuperaci\u00f3n despu\u00e9s del ejercicio, al combinar los efectos relajantes del magnesio, el equilibrio electrol\u00edtico del potasio y las propiedades antiinflamatorias de la c\u00farcuma.<\/p>\n","protected":false},"featured_media":3944,"comment_status":"open","ping_status":"closed","template":"","meta":[],"product_brand":[461],"product_cat":[430,380,386],"product_tag":[615,558,502,500,501,520,636,503],"class_list":{"0":"post-3943","1":"product","2":"type-product","3":"status-publish","4":"has-post-thumbnail","6":"product_brand-distrisalud","7":"product_cat-antinflamatorio-y-dolores","8":"product_cat-articulaciones","9":"product_cat-magnesio","10":"product_tag-antiinflamatorio","11":"product_tag-articulaciones","12":"product_tag-heredia","13":"product_tag-macrobiotica","14":"product_tag-natural","15":"product_tag-natural-shop","16":"product_tag-relajante-muscular","17":"product_tag-san-pablo","19":"first","20":"instock","21":"shipping-taxable","22":"purchasable","23":"product-type-simple"},"jetpack_sharing_enabled":true,"_links":{"self":[{"href":"https:\/\/macronaturalsshop.com\/index.php?rest_route=\/wp\/v2\/product\/3943"}],"collection":[{"href":"https:\/\/macronaturalsshop.com\/index.php?rest_route=\/wp\/v2\/product"}],"about":[{"href":"https:\/\/macronaturalsshop.com\/index.php?rest_route=\/wp\/v2\/types\/product"}],"replies":[{"embeddable":true,"href":"https:\/\/macronaturalsshop.com\/index.php?rest_route=%2Fwp%2Fv2%2Fcomments&post=3943"}],"wp:featuredmedia":[{"embeddable":true,"href":"https:\/\/macronaturalsshop.com\/index.php?rest_route=\/wp\/v2\/media\/3944"}],"wp:attachment":[{"href":"https:\/\/macronaturalsshop.com\/index.php?rest_route=%2Fwp%2Fv2%2Fmedia&parent=3943"}],"wp:term":[{"taxonomy":"product_brand","embeddable":true,"href":"https:\/\/macronaturalsshop.com\/index.php?rest_route=%2Fwp%2Fv2%2Fproduct_brand&post=3943"},{"taxonomy":"product_cat","embeddable":true,"href":"https:\/\/macronaturalsshop.com\/index.php?rest_route=%2Fwp%2Fv2%2Fproduct_cat&post=3943"},{"taxonomy":"product_tag","embeddable":true,"href":"https:\/\/macronaturalsshop.com\/index.php?rest_route=%2Fwp%2Fv2%2Fproduct_tag&post=3943"}],"curies":[{"name":"wp","href":"https:\/\/api.w.org\/{rel}","templated":true}]}}