{"id":3947,"date":"2025-08-22T01:25:10","date_gmt":"2025-08-22T01:25:10","guid":{"rendered":"https:\/\/macronaturalsshop.com\/?post_type=product&#038;p=3947"},"modified":"2025-08-23T00:12:17","modified_gmt":"2025-08-23T00:12:17","slug":"colageno-hidrolizado-con-citrato-magnesio-120caps","status":"publish","type":"product","link":"https:\/\/macronaturalsshop.com\/?product=colageno-hidrolizado-con-citrato-magnesio-120caps","title":{"rendered":"Col\u00e1geno Hidrolizado con Citrato de Magnesio 120 c\u00e1ps"},"content":{"rendered":"<p>Col\u00e1geno Hidrolizado + Citrato de Magnesio es la combinaci\u00f3n perfecta para cuidar de sus m\u00fasculos, huesos, articulaciones y piel.<\/p>\n","protected":false},"excerpt":{"rendered":"<p>Contributye al correcto funcionamiento del sistema nervioso y del metabolismo.<br \/>\nFavorece la salud de los huesos y m\u00fasculos.<br \/>\nCombate el dolor de las articulaciones.<br \/>\nBeneficia la flexibilidad de la piel.<\/p>\n","protected":false},"featured_media":3948,"comment_status":"open","ping_status":"closed","template":"","meta":[],"product_brand":[461],"product_cat":[380,389,386],"product_tag":[502,563,500,561,501,520,503],"class_list":{"0":"post-3947","1":"product","2":"type-product","3":"status-publish","4":"has-post-thumbnail","6":"product_brand-distrisalud","7":"product_cat-articulaciones","8":"product_cat-colageno","9":"product_cat-magnesio","10":"product_tag-heredia","11":"product_tag-huesos","12":"product_tag-macrobiotica","13":"product_tag-musculos","14":"product_tag-natural","15":"product_tag-natural-shop","16":"product_tag-san-pablo","18":"first","19":"instock","20":"shipping-taxable","21":"purchasable","22":"product-type-simple"},"jetpack_sharing_enabled":true,"_links":{"self":[{"href":"https:\/\/macronaturalsshop.com\/index.php?rest_route=\/wp\/v2\/product\/3947"}],"collection":[{"href":"https:\/\/macronaturalsshop.com\/index.php?rest_route=\/wp\/v2\/product"}],"about":[{"href":"https:\/\/macronaturalsshop.com\/index.php?rest_route=\/wp\/v2\/types\/product"}],"replies":[{"embeddable":true,"href":"https:\/\/macronaturalsshop.com\/index.php?rest_route=%2Fwp%2Fv2%2Fcomments&post=3947"}],"wp:featuredmedia":[{"embeddable":true,"href":"https:\/\/macronaturalsshop.com\/index.php?rest_route=\/wp\/v2\/media\/3948"}],"wp:attachment":[{"href":"https:\/\/macronaturalsshop.com\/index.php?rest_route=%2Fwp%2Fv2%2Fmedia&parent=3947"}],"wp:term":[{"taxonomy":"product_brand","embeddable":true,"href":"https:\/\/macronaturalsshop.com\/index.php?rest_route=%2Fwp%2Fv2%2Fproduct_brand&post=3947"},{"taxonomy":"product_cat","embeddable":true,"href":"https:\/\/macronaturalsshop.com\/index.php?rest_route=%2Fwp%2Fv2%2Fproduct_cat&post=3947"},{"taxonomy":"product_tag","embeddable":true,"href":"https:\/\/macronaturalsshop.com\/index.php?rest_route=%2Fwp%2Fv2%2Fproduct_tag&post=3947"}],"curies":[{"name":"wp","href":"https:\/\/api.w.org\/{rel}","templated":true}]}}