{"id":3951,"date":"2025-08-22T01:35:57","date_gmt":"2025-08-22T01:35:57","guid":{"rendered":"https:\/\/macronaturalsshop.com\/?post_type=product&#038;p=3951"},"modified":"2025-09-22T01:15:56","modified_gmt":"2025-09-22T01:15:56","slug":"ashwagandha-4500mg-120-cap","status":"publish","type":"product","link":"https:\/\/macronaturalsshop.com\/?product=ashwagandha-4500mg-120-cap","title":{"rendered":"Ashwagandha 4500mg 120 cap"},"content":{"rendered":"<p>La Ashwangandha reduce el estr\u00e9s y la ansiedad, mejorar el sue\u00f1o, y aumentar la energ\u00eda y la resistencia f\u00edsica. Tambi\u00e9n se ha investigado por sus posibles beneficios en la funci\u00f3n cognitiva, la fertilidad masculina y la reducci\u00f3n de la inflamaci\u00f3n.<\/p>\n","protected":false},"excerpt":{"rendered":"<p>Ayuda a reducir el estr\u00e9s y ansiedad.<br \/>\nMejora la funci\u00f3n cerebral, incluida la memoria.<br \/>\nAumenta el rendimiento deportivo.<br \/>\nReduce los niveles de az\u00facar en la sangre.<br \/>\nAyuda a mejorar el sue\u00f1o.<br \/>\nAyuda a aumentar la testosterona y aumentar la fertilidad en los hombres.<\/p>\n","protected":false},"featured_media":5184,"comment_status":"open","ping_status":"closed","template":"","meta":[],"product_brand":[461],"product_cat":[404],"product_tag":[560,502,500,508,501,520,503,574],"class_list":{"0":"post-3951","1":"product","2":"type-product","3":"status-publish","4":"has-post-thumbnail","6":"product_brand-distrisalud","7":"product_cat-ansiedad-y-estres","8":"product_tag-energia","9":"product_tag-heredia","10":"product_tag-macrobiotica","11":"product_tag-memoria","12":"product_tag-natural","13":"product_tag-natural-shop","14":"product_tag-san-pablo","15":"product_tag-sueno","17":"first","18":"instock","19":"shipping-taxable","20":"purchasable","21":"product-type-simple"},"jetpack_sharing_enabled":true,"_links":{"self":[{"href":"https:\/\/macronaturalsshop.com\/index.php?rest_route=\/wp\/v2\/product\/3951"}],"collection":[{"href":"https:\/\/macronaturalsshop.com\/index.php?rest_route=\/wp\/v2\/product"}],"about":[{"href":"https:\/\/macronaturalsshop.com\/index.php?rest_route=\/wp\/v2\/types\/product"}],"replies":[{"embeddable":true,"href":"https:\/\/macronaturalsshop.com\/index.php?rest_route=%2Fwp%2Fv2%2Fcomments&post=3951"}],"wp:featuredmedia":[{"embeddable":true,"href":"https:\/\/macronaturalsshop.com\/index.php?rest_route=\/wp\/v2\/media\/5184"}],"wp:attachment":[{"href":"https:\/\/macronaturalsshop.com\/index.php?rest_route=%2Fwp%2Fv2%2Fmedia&parent=3951"}],"wp:term":[{"taxonomy":"product_brand","embeddable":true,"href":"https:\/\/macronaturalsshop.com\/index.php?rest_route=%2Fwp%2Fv2%2Fproduct_brand&post=3951"},{"taxonomy":"product_cat","embeddable":true,"href":"https:\/\/macronaturalsshop.com\/index.php?rest_route=%2Fwp%2Fv2%2Fproduct_cat&post=3951"},{"taxonomy":"product_tag","embeddable":true,"href":"https:\/\/macronaturalsshop.com\/index.php?rest_route=%2Fwp%2Fv2%2Fproduct_tag&post=3951"}],"curies":[{"name":"wp","href":"https:\/\/api.w.org\/{rel}","templated":true}]}}