{"id":3958,"date":"2025-08-06T03:56:07","date_gmt":"2025-08-06T03:56:07","guid":{"rendered":"https:\/\/macronaturalsshop.com\/?post_type=product&#038;p=3958"},"modified":"2025-08-06T23:39:05","modified_gmt":"2025-08-06T23:39:05","slug":"gomitas-de-aswagandha-goli-60u","status":"publish","type":"product","link":"https:\/\/macronaturalsshop.com\/?product=gomitas-de-aswagandha-goli-60u","title":{"rendered":"Gomitas de Ashwagandha"},"content":{"rendered":"<p>Las gomitas Goli Ashwagandha est\u00e1n elaboradas con una mezcla de ingredientes que aportan muchos beneficios incre\u00edbles. Contienen extracto de ra\u00edz de ashwagandha KSM-66\u00ae para ayudar a reducir el estr\u00e9s y promover la relajaci\u00f3n, mejorar la calidad del sue\u00f1o, fortalecer la memoria y la concentraci\u00f3n, y vitamina D para un sistema inmunitario sano.<\/p>\n","protected":false},"excerpt":{"rendered":"<p>La Ashwagandha KSM-66\u00ae ayuda a reducir el estr\u00e9s y promover la relajaci\u00f3n, mejorar la calidad del sue\u00f1o, fortalecer la memoria y la concentraci\u00f3n, y vitamina D para un sistema inmunitario sano<\/p>\n","protected":false},"featured_media":3959,"comment_status":"open","ping_status":"closed","template":"","meta":[],"product_brand":[573],"product_cat":[404],"product_tag":[507,502,500,508,501,520,503,574],"class_list":{"0":"post-3958","1":"product","2":"type-product","3":"status-publish","4":"has-post-thumbnail","6":"product_brand-biosalud","7":"product_cat-ansiedad-y-estres","8":"product_tag-concentracion","9":"product_tag-heredia","10":"product_tag-macrobiotica","11":"product_tag-memoria","12":"product_tag-natural","13":"product_tag-natural-shop","14":"product_tag-san-pablo","15":"product_tag-sueno","17":"first","18":"instock","19":"shipping-taxable","20":"purchasable","21":"product-type-simple"},"jetpack_sharing_enabled":true,"_links":{"self":[{"href":"https:\/\/macronaturalsshop.com\/index.php?rest_route=\/wp\/v2\/product\/3958"}],"collection":[{"href":"https:\/\/macronaturalsshop.com\/index.php?rest_route=\/wp\/v2\/product"}],"about":[{"href":"https:\/\/macronaturalsshop.com\/index.php?rest_route=\/wp\/v2\/types\/product"}],"replies":[{"embeddable":true,"href":"https:\/\/macronaturalsshop.com\/index.php?rest_route=%2Fwp%2Fv2%2Fcomments&post=3958"}],"wp:featuredmedia":[{"embeddable":true,"href":"https:\/\/macronaturalsshop.com\/index.php?rest_route=\/wp\/v2\/media\/3959"}],"wp:attachment":[{"href":"https:\/\/macronaturalsshop.com\/index.php?rest_route=%2Fwp%2Fv2%2Fmedia&parent=3958"}],"wp:term":[{"taxonomy":"product_brand","embeddable":true,"href":"https:\/\/macronaturalsshop.com\/index.php?rest_route=%2Fwp%2Fv2%2Fproduct_brand&post=3958"},{"taxonomy":"product_cat","embeddable":true,"href":"https:\/\/macronaturalsshop.com\/index.php?rest_route=%2Fwp%2Fv2%2Fproduct_cat&post=3958"},{"taxonomy":"product_tag","embeddable":true,"href":"https:\/\/macronaturalsshop.com\/index.php?rest_route=%2Fwp%2Fv2%2Fproduct_tag&post=3958"}],"curies":[{"name":"wp","href":"https:\/\/api.w.org\/{rel}","templated":true}]}}