{"id":3983,"date":"2025-08-22T01:50:29","date_gmt":"2025-08-22T01:50:29","guid":{"rendered":"https:\/\/macronaturalsshop.com\/?post_type=product&#038;p=3983"},"modified":"2025-08-23T01:15:18","modified_gmt":"2025-08-23T01:15:18","slug":"paraxitol-1000mg-60-capsulas","status":"publish","type":"product","link":"https:\/\/macronaturalsshop.com\/?product=paraxitol-1000mg-60-capsulas","title":{"rendered":"Paraxitol 1000Mg 60 Capsulas"},"content":{"rendered":"<p>Promueve la excresi\u00f3n de par\u00e1sitos del cuerpo en cuatro semanas. Adem\u00e1s, lleva a cabo la limpieza general del cuerpo de todas las sustancias que lo perjudican restaurando la salud.<\/p>\n","protected":false},"excerpt":{"rendered":"<p>Dise\u00f1ado para combatir los par\u00e1sitos.<\/p>\n","protected":false},"featured_media":3984,"comment_status":"open","ping_status":"closed","template":"","meta":[],"product_brand":[461],"product_cat":[396],"product_tag":[],"class_list":{"0":"post-3983","1":"product","2":"type-product","3":"status-publish","4":"has-post-thumbnail","6":"product_brand-distrisalud","7":"product_cat-sistema-digestivo","9":"first","10":"instock","11":"shipping-taxable","12":"purchasable","13":"product-type-simple"},"jetpack_sharing_enabled":true,"_links":{"self":[{"href":"https:\/\/macronaturalsshop.com\/index.php?rest_route=\/wp\/v2\/product\/3983"}],"collection":[{"href":"https:\/\/macronaturalsshop.com\/index.php?rest_route=\/wp\/v2\/product"}],"about":[{"href":"https:\/\/macronaturalsshop.com\/index.php?rest_route=\/wp\/v2\/types\/product"}],"replies":[{"embeddable":true,"href":"https:\/\/macronaturalsshop.com\/index.php?rest_route=%2Fwp%2Fv2%2Fcomments&post=3983"}],"wp:featuredmedia":[{"embeddable":true,"href":"https:\/\/macronaturalsshop.com\/index.php?rest_route=\/wp\/v2\/media\/3984"}],"wp:attachment":[{"href":"https:\/\/macronaturalsshop.com\/index.php?rest_route=%2Fwp%2Fv2%2Fmedia&parent=3983"}],"wp:term":[{"taxonomy":"product_brand","embeddable":true,"href":"https:\/\/macronaturalsshop.com\/index.php?rest_route=%2Fwp%2Fv2%2Fproduct_brand&post=3983"},{"taxonomy":"product_cat","embeddable":true,"href":"https:\/\/macronaturalsshop.com\/index.php?rest_route=%2Fwp%2Fv2%2Fproduct_cat&post=3983"},{"taxonomy":"product_tag","embeddable":true,"href":"https:\/\/macronaturalsshop.com\/index.php?rest_route=%2Fwp%2Fv2%2Fproduct_tag&post=3983"}],"curies":[{"name":"wp","href":"https:\/\/api.w.org\/{rel}","templated":true}]}}