{"id":3996,"date":"2025-08-22T02:10:52","date_gmt":"2025-08-22T02:10:52","guid":{"rendered":"https:\/\/macronaturalsshop.com\/?post_type=product&#038;p=3996"},"modified":"2025-08-23T04:18:08","modified_gmt":"2025-08-23T04:18:08","slug":"moringa-graviola-y-curcuma-120-caps","status":"publish","type":"product","link":"https:\/\/macronaturalsshop.com\/?product=moringa-graviola-y-curcuma-120-caps","title":{"rendered":"Moringa, Graviola y C\u00farcuma 120 caps"},"content":{"rendered":"<div class=\"WaaZC\">\n<div class=\"RJPOee EIJn2\">\n<div class=\"rPeykc uP58nb\" data-hveid=\"CAsQAQ\" data-ved=\"2ahUKEwj69L3uiKCPAxWpSjABHR_XHKsQo_EKegQICxAB\"><span data-huuid=\"5466658941546259232\"><span role=\"heading\" aria-level=\"2\">Beneficios principales<\/span><\/span><\/div>\n<\/div>\n<\/div>\n<div class=\"WaaZC\">\n<div class=\"RJPOee EIJn2\">\n<ul data-hveid=\"CCgQAQ\" data-ved=\"2ahUKEwj69L3uiKCPAxWpSjABHR_XHKsQm_YKegQIKBAB\">\n<li class=\"K3KsMc\">\n<div class=\"zMgcWd dSKvsb\" data-il=\"\">\n<div data-crb-p=\"\">\n<div class=\"xFTqob\">\n<div class=\"Gur8Ad\"><span data-huuid=\"5466658941546262135\"><strong>Fortalecimiento del sistema inmunol\u00f3gico:<\/strong><\/span><\/div>\n<div class=\"vM0jzc\"><span data-huuid=\"5466658941546260372\">La combinaci\u00f3n de estos ingredientes ayuda a reforzar las defensas del cuerpo.<span class=\"pjBG2e\" data-cid=\"100cde63-72be-473a-b324-2bd7d26539c1\"><span class=\"UV3uM\">\u00a0<\/span><\/span><\/span><\/p>\n<div class=\"NPrrbc\" data-cid=\"100cde63-72be-473a-b324-2bd7d26539c1\" data-uuids=\"5466658941546262135,5466658941546260372\">\n<div class=\"BMebGe btku5b fCrZyc LwdV0e FR7ZSc qVhvac OJeuxf\" tabindex=\"0\" role=\"button\" aria-label=\"View related links\" data-hveid=\"CCMQAQ\" data-ved=\"2ahUKEwj69L3uiKCPAxWpSjABHR_XHKsQ3fYKegQIIxAB\">\n<div class=\"niO4u\">\n<div class=\"kHtcsd\"><\/div>\n<\/div>\n<\/div>\n<\/div>\n<\/div>\n<\/div>\n<\/div>\n<\/div>\n<\/li>\n<li class=\"K3KsMc\">\n<div class=\"zMgcWd dSKvsb\" data-il=\"\">\n<div data-crb-p=\"\">\n<div class=\"xFTqob\">\n<div class=\"Gur8Ad\"><span data-huuid=\"5466658941546260942\"><strong>Acci\u00f3n antioxidante:<\/strong><\/span><\/div>\n<div class=\"vM0jzc\"><span data-huuid=\"5466658941546259179\">Proporcionan una rica fuente de antioxidantes que protegen el cuerpo contra el da\u00f1o celular.<span class=\"pjBG2e\" data-cid=\"f1084788-211e-4f49-9b87-49fb174bfc36\"><span class=\"UV3uM\">\u00a0<\/span><\/span><\/span><\/p>\n<div class=\"NPrrbc\" data-cid=\"f1084788-211e-4f49-9b87-49fb174bfc36\" data-uuids=\"5466658941546260942,5466658941546259179\">\n<div class=\"BMebGe btku5b fCrZyc LwdV0e FR7ZSc qVhvac OJeuxf\" tabindex=\"0\" role=\"button\" aria-label=\"View related links\" data-hveid=\"CCUQAQ\" data-ved=\"2ahUKEwj69L3uiKCPAxWpSjABHR_XHKsQ3fYKegQIJRAB\">\n<div class=\"niO4u\">\n<div class=\"kHtcsd\"><\/div>\n<\/div>\n<\/div>\n<\/div>\n<\/div>\n<\/div>\n<\/div>\n<\/div>\n<\/li>\n<li class=\"K3KsMc\">\n<div class=\"zMgcWd dSKvsb\" data-il=\"\">\n<div data-crb-p=\"\">\n<div class=\"xFTqob\">\n<div class=\"Gur8Ad\"><span data-huuid=\"5466658941546259749\"><strong>Mejora de la salud digestiva:<\/strong><\/span><\/div>\n<div class=\"vM0jzc\"><span data-huuid=\"5466658941546262082\">Tanto la moringa como la c\u00farcuma pueden promover una digesti\u00f3n saludable y aliviar molestias.<span class=\"pjBG2e\" data-cid=\"73e47a15-57aa-44d2-a97a-b01b56e6273c\"><span class=\"UV3uM\">\u00a0<\/span><\/span><\/span><\/p>\n<div class=\"NPrrbc\" data-cid=\"73e47a15-57aa-44d2-a97a-b01b56e6273c\" data-uuids=\"5466658941546259749,5466658941546262082\">\n<div class=\"BMebGe btku5b fCrZyc LwdV0e FR7ZSc qVhvac OJeuxf\" tabindex=\"0\" role=\"button\" aria-label=\"View related links\" data-hveid=\"CBgQAQ\" data-ved=\"2ahUKEwj69L3uiKCPAxWpSjABHR_XHKsQ3fYKegQIGBAB\">\n<div class=\"niO4u\">\n<div class=\"kHtcsd\"><\/div>\n<\/div>\n<\/div>\n<\/div>\n<\/div>\n<\/div>\n<\/div>\n<\/div>\n<\/li>\n<li class=\"K3KsMc\">\n<div class=\"zMgcWd dSKvsb\" data-il=\"\">\n<div data-crb-p=\"\">\n<div class=\"xFTqob\">\n<div class=\"Gur8Ad\"><span data-huuid=\"5466658941546258556\"><strong>Aumento de energ\u00eda:<\/strong><\/span><\/div>\n<div class=\"vM0jzc\"><span data-huuid=\"5466658941546260889\">El perfil nutritivo de la moringa puede ayudar a incrementar los niveles de energ\u00eda en el cuerpo.<span class=\"pjBG2e\" data-cid=\"7cfd4dbe-475c-4778-9e32-0b505e46e2dd\"><span class=\"UV3uM\">\u00a0<\/span><\/span><\/span><\/p>\n<div class=\"NPrrbc\" data-cid=\"7cfd4dbe-475c-4778-9e32-0b505e46e2dd\" data-uuids=\"5466658941546258556,5466658941546260889\">\n<div class=\"BMebGe btku5b fCrZyc LwdV0e FR7ZSc qVhvac OJeuxf\" tabindex=\"0\" role=\"button\" aria-label=\"View related links\" data-hveid=\"CB8QAQ\" data-ved=\"2ahUKEwj69L3uiKCPAxWpSjABHR_XHKsQ3fYKegQIHxAB\">\n<div class=\"niO4u\">\n<div class=\"kHtcsd\"><\/div>\n<\/div>\n<\/div>\n<\/div>\n<\/div>\n<\/div>\n<\/div>\n<\/div>\n<\/li>\n<li class=\"K3KsMc\">\n<div class=\"zMgcWd dSKvsb\" data-il=\"\">\n<div data-crb-p=\"\">\n<div class=\"xFTqob\">\n<div class=\"Gur8Ad\"><span data-huuid=\"5466658941546261459\"><strong>Salud de la piel:<\/strong><\/span><\/div>\n<div class=\"vM0jzc\"><span data-huuid=\"5466658941546259696\">Las propiedades antioxidantes de estos componentes pueden contribuir a una piel m\u00e1s sana y radiante.<span class=\"pjBG2e\" data-cid=\"03faaf6b-f953-474d-ba56-417821b7243b\"><span class=\"UV3uM\">\u00a0<\/span><\/span><\/span><\/p>\n<div class=\"NPrrbc\" data-cid=\"03faaf6b-f953-474d-ba56-417821b7243b\" data-uuids=\"5466658941546261459,5466658941546259696\">\n<div class=\"BMebGe btku5b fCrZyc LwdV0e FR7ZSc qVhvac OJeuxf\" tabindex=\"0\" role=\"button\" aria-label=\"View related links\" data-hveid=\"CBwQAQ\" data-ved=\"2ahUKEwj69L3uiKCPAxWpSjABHR_XHKsQ3fYKegQIHBAB\">\n<div class=\"niO4u\">\n<div class=\"kHtcsd\"><\/div>\n<\/div>\n<\/div>\n<\/div>\n<\/div>\n<\/div>\n<\/div>\n<\/div>\n<\/li>\n<li class=\"K3KsMc\">\n<div class=\"zMgcWd dSKvsb\" data-il=\"\">\n<div data-crb-p=\"\">\n<div class=\"xFTqob\">\n<div class=\"Gur8Ad\"><span data-huuid=\"5466658941546260266\"><strong>Propiedades antiinflamatorias:<\/strong><\/span><\/div>\n<div class=\"vM0jzc\"><span data-huuid=\"5466658941546258503\">La c\u00farcuma, en particular, es conocida por sus efectos antiinflamatorios.<span class=\"pjBG2e\" data-cid=\"ddc30361-edf3-4e99-af3f-76fe413ebe30\"><span class=\"UV3uM\">\u00a0<\/span><\/span><\/span><\/p>\n<div class=\"NPrrbc\" data-cid=\"ddc30361-edf3-4e99-af3f-76fe413ebe30\" data-uuids=\"5466658941546260266,5466658941546258503\">\n<div class=\"BMebGe btku5b fCrZyc LwdV0e FR7ZSc qVhvac OJeuxf\" tabindex=\"0\" role=\"button\" aria-label=\"View related links\" data-hveid=\"CB0QAQ\" data-ved=\"2ahUKEwj69L3uiKCPAxWpSjABHR_XHKsQ3fYKegQIHRAB\">\n<div class=\"niO4u\">\n<div class=\"kHtcsd\"><\/div>\n<\/div>\n<\/div>\n<\/div>\n<\/div>\n<\/div>\n<\/div>\n<\/div>\n<\/li>\n<\/ul>\n<\/div>\n<\/div>\n<div class=\"WaaZC\">\n<div class=\"RJPOee EIJn2\">\n<div class=\"rPeykc uP58nb\" data-hveid=\"CC8QAQ\" data-ved=\"2ahUKEwj69L3uiKCPAxWpSjABHR_XHKsQo_EKegQILxAB\"><span data-huuid=\"16378875339705576101\"><span role=\"heading\" aria-level=\"2\">Beneficios espec\u00edficos por ingrediente<\/span><\/span><\/div>\n<\/div>\n<\/div>\n<div class=\"WaaZC\">\n<div class=\"RJPOee EIJn2\">\n<ul data-hveid=\"CDAQAQ\" data-ved=\"2ahUKEwj69L3uiKCPAxWpSjABHR_XHKsQm_YKegQIMBAB\">\n<li class=\"K3KsMc\">\n<div class=\"zMgcWd dSKvsb\" data-il=\"\">\n<div data-crb-p=\"\">\n<div class=\"xFTqob\">\n<div class=\"Gur8Ad\"><span data-huuid=\"16378875339705574438\"><strong>Moringa:<\/strong><\/span><\/div>\n<div class=\"vM0jzc\"><span data-huuid=\"16378875339705575249\">Es una fuente de amino\u00e1cidos esenciales para el crecimiento y la reparaci\u00f3n de tejidos, adem\u00e1s de contener vitaminas.<span class=\"pjBG2e\" data-cid=\"e8f69592-5bd7-429d-ae29-9dec4453514a\"><span class=\"UV3uM\">\u00a0<\/span><\/span><\/span><\/p>\n<div class=\"NPrrbc\" data-cid=\"e8f69592-5bd7-429d-ae29-9dec4453514a\" data-uuids=\"16378875339705574438,16378875339705575249\">\n<div class=\"BMebGe btku5b fCrZyc LwdV0e FR7ZSc qVhvac OJeuxf\" tabindex=\"0\" role=\"button\" aria-label=\"View related links\" data-hveid=\"CDgQAQ\" data-ved=\"2ahUKEwj69L3uiKCPAxWpSjABHR_XHKsQ3fYKegQIOBAB\">\n<div class=\"niO4u\">\n<div class=\"kHtcsd\"><\/div>\n<\/div>\n<\/div>\n<\/div>\n<\/div>\n<\/div>\n<\/div>\n<\/div>\n<\/li>\n<li class=\"K3KsMc\">\n<div class=\"zMgcWd dSKvsb\" data-il=\"\">\n<div data-crb-p=\"\">\n<div class=\"xFTqob\">\n<div class=\"Gur8Ad\"><span data-huuid=\"16378875339705576871\"><strong>Graviola (Guan\u00e1bana):<\/strong><\/span><\/div>\n<div class=\"vM0jzc\"><span data-huuid=\"16378875339705573586\">Se reconoce por sus propiedades inmunoestimulantes, es decir, que ayudan a estimular el sistema inmunitario.<span class=\"pjBG2e\" data-cid=\"4a4208dc-02f5-451a-9344-8492696c508b\"><span class=\"UV3uM\">\u00a0<\/span><\/span><\/span><\/p>\n<div class=\"NPrrbc\" data-cid=\"4a4208dc-02f5-451a-9344-8492696c508b\" data-uuids=\"16378875339705576871,16378875339705573586\">\n<div class=\"BMebGe btku5b fCrZyc LwdV0e FR7ZSc qVhvac OJeuxf\" tabindex=\"0\" role=\"button\" aria-label=\"View related links\" data-hveid=\"CD0QAQ\" data-ved=\"2ahUKEwj69L3uiKCPAxWpSjABHR_XHKsQ3fYKegQIPRAB\">\n<div class=\"niO4u\">\n<div class=\"kHtcsd\"><\/div>\n<\/div>\n<\/div>\n<\/div>\n<\/div>\n<\/div>\n<\/div>\n<\/div>\n<\/li>\n<li class=\"K3KsMc\">\n<div class=\"zMgcWd dSKvsb\" data-il=\"\">\n<div data-crb-p=\"\">\n<div class=\"xFTqob\">\n<div class=\"Gur8Ad\"><span data-huuid=\"16378875339705575208\"><strong>C\u00farcuma:<\/strong><\/span><\/div>\n<div class=\"vM0jzc\"><span data-huuid=\"16378875339705576019\">Es c\u00e9lebre por sus potentes efectos antiinflamatorios y antioxidantes, gracias a compuestos como la curcumina.<span class=\"pjBG2e\" data-cid=\"e3eae195-3cf1-45c2-8da9-124efb23bde6\"><span class=\"UV3uM\">\u00a0<\/span><\/span><\/span><\/div>\n<\/div>\n<\/div>\n<\/div>\n<\/li>\n<\/ul>\n<\/div>\n<\/div>\n","protected":false},"excerpt":{"rendered":"<p>Apoyar el sistema inmunol\u00f3gico, proporcionar protecci\u00f3n antioxidante, y mejorar la salud digestiva y los niveles de energ\u00eda. La Moringa aporta vitaminas y amino\u00e1cidos, la Graviola propiedades inmunoestimulantes, y la C\u00farcuma se destaca por sus efectos antiinflamatorios y antioxidantes.<\/p>\n","protected":false},"featured_media":3997,"comment_status":"open","ping_status":"closed","template":"","meta":[],"product_brand":[461],"product_cat":[379],"product_tag":[564,560,502,500,501,520,503,568],"class_list":{"0":"post-3996","1":"product","2":"type-product","3":"status-publish","4":"has-post-thumbnail","6":"product_brand-distrisalud","7":"product_cat-sistema-inmunologico","8":"product_tag-antioxidante","9":"product_tag-energia","10":"product_tag-heredia","11":"product_tag-macrobiotica","12":"product_tag-natural","13":"product_tag-natural-shop","14":"product_tag-san-pablo","15":"product_tag-vitaminas","17":"first","18":"instock","19":"shipping-taxable","20":"purchasable","21":"product-type-simple"},"jetpack_sharing_enabled":true,"_links":{"self":[{"href":"https:\/\/macronaturalsshop.com\/index.php?rest_route=\/wp\/v2\/product\/3996"}],"collection":[{"href":"https:\/\/macronaturalsshop.com\/index.php?rest_route=\/wp\/v2\/product"}],"about":[{"href":"https:\/\/macronaturalsshop.com\/index.php?rest_route=\/wp\/v2\/types\/product"}],"replies":[{"embeddable":true,"href":"https:\/\/macronaturalsshop.com\/index.php?rest_route=%2Fwp%2Fv2%2Fcomments&post=3996"}],"wp:featuredmedia":[{"embeddable":true,"href":"https:\/\/macronaturalsshop.com\/index.php?rest_route=\/wp\/v2\/media\/3997"}],"wp:attachment":[{"href":"https:\/\/macronaturalsshop.com\/index.php?rest_route=%2Fwp%2Fv2%2Fmedia&parent=3996"}],"wp:term":[{"taxonomy":"product_brand","embeddable":true,"href":"https:\/\/macronaturalsshop.com\/index.php?rest_route=%2Fwp%2Fv2%2Fproduct_brand&post=3996"},{"taxonomy":"product_cat","embeddable":true,"href":"https:\/\/macronaturalsshop.com\/index.php?rest_route=%2Fwp%2Fv2%2Fproduct_cat&post=3996"},{"taxonomy":"product_tag","embeddable":true,"href":"https:\/\/macronaturalsshop.com\/index.php?rest_route=%2Fwp%2Fv2%2Fproduct_tag&post=3996"}],"curies":[{"name":"wp","href":"https:\/\/api.w.org\/{rel}","templated":true}]}}