{"id":3998,"date":"2025-08-13T01:00:51","date_gmt":"2025-08-13T01:00:51","guid":{"rendered":"https:\/\/macronaturalsshop.com\/?post_type=product&#038;p=3998"},"modified":"2025-09-22T01:20:56","modified_gmt":"2025-09-22T01:20:56","slug":"moringa-reduce-tallas-90-cap","status":"publish","type":"product","link":"https:\/\/macronaturalsshop.com\/?product=moringa-reduce-tallas-90-cap","title":{"rendered":"Moringa + Reduce Tallas"},"content":{"rendered":"<p>Esta formulaci\u00f3n de Moringa con Ketonas, Garcinia, Caf\u00e9 verde y canela ayuda a bajar de peso, pero ademas la moringa es beneficiosa para las mujeres en varias \u00e1reas, incluyendo la mejora de la piel y el cabello, el alivio de los s\u00edntomas de la menopausia, la prevenci\u00f3n de la anemia y la mejora de la salud \u00f3sea, adem\u00e1s de su potencial impacto en la salud sexual.<\/p>\n","protected":false},"excerpt":{"rendered":"<p>Esta formulaci\u00f3n de Moringa con Ketonas, Garcinia, Caf\u00e9 verde y canela ayuda a bajar de peso, pero ademas la moringa es beneficiosa para las mujeres en varias \u00e1reas, incluyendo la mejora de la piel y el cabello, el alivio de los s\u00edntomas de la menopausia, la prevenci\u00f3n de la anemia y la mejora de la salud \u00f3sea, adem\u00e1s de su potencial impacto en la salud sexual.<\/p>\n","protected":false},"featured_media":3999,"comment_status":"open","ping_status":"closed","template":"","meta":[],"product_brand":[461],"product_cat":[388],"product_tag":[582,584,502,500,501,520,509,503,581],"class_list":{"0":"post-3998","1":"product","2":"type-product","3":"status-publish","4":"has-post-thumbnail","6":"product_brand-distrisalud","7":"product_cat-control-de-peso","8":"product_tag-cabello","9":"product_tag-control-de-peso","10":"product_tag-heredia","11":"product_tag-macrobiotica","12":"product_tag-natural","13":"product_tag-natural-shop","14":"product_tag-piel","15":"product_tag-san-pablo","16":"product_tag-unas","18":"first","19":"instock","20":"shipping-taxable","21":"purchasable","22":"product-type-simple"},"jetpack_sharing_enabled":true,"_links":{"self":[{"href":"https:\/\/macronaturalsshop.com\/index.php?rest_route=\/wp\/v2\/product\/3998"}],"collection":[{"href":"https:\/\/macronaturalsshop.com\/index.php?rest_route=\/wp\/v2\/product"}],"about":[{"href":"https:\/\/macronaturalsshop.com\/index.php?rest_route=\/wp\/v2\/types\/product"}],"replies":[{"embeddable":true,"href":"https:\/\/macronaturalsshop.com\/index.php?rest_route=%2Fwp%2Fv2%2Fcomments&post=3998"}],"wp:featuredmedia":[{"embeddable":true,"href":"https:\/\/macronaturalsshop.com\/index.php?rest_route=\/wp\/v2\/media\/3999"}],"wp:attachment":[{"href":"https:\/\/macronaturalsshop.com\/index.php?rest_route=%2Fwp%2Fv2%2Fmedia&parent=3998"}],"wp:term":[{"taxonomy":"product_brand","embeddable":true,"href":"https:\/\/macronaturalsshop.com\/index.php?rest_route=%2Fwp%2Fv2%2Fproduct_brand&post=3998"},{"taxonomy":"product_cat","embeddable":true,"href":"https:\/\/macronaturalsshop.com\/index.php?rest_route=%2Fwp%2Fv2%2Fproduct_cat&post=3998"},{"taxonomy":"product_tag","embeddable":true,"href":"https:\/\/macronaturalsshop.com\/index.php?rest_route=%2Fwp%2Fv2%2Fproduct_tag&post=3998"}],"curies":[{"name":"wp","href":"https:\/\/api.w.org\/{rel}","templated":true}]}}