{"id":4000,"date":"2025-08-13T01:20:50","date_gmt":"2025-08-13T01:20:50","guid":{"rendered":"https:\/\/macronaturalsshop.com\/?post_type=product&#038;p=4000"},"modified":"2025-09-22T01:21:21","modified_gmt":"2025-09-22T01:21:21","slug":"moringa-mujeres-energia-90cap","status":"publish","type":"product","link":"https:\/\/macronaturalsshop.com\/?product=moringa-mujeres-energia-90cap","title":{"rendered":"Moringa Mujeres Energ\u00eda"},"content":{"rendered":"<p>Esta formulaci\u00f3n de Moringa con Damiana, Maca y Ginseng Koreano proporciona la enerig\u00eda necesaria para el d\u00eda a d\u00eda, pero adem\u00e1s la moringa es beneficiosa para las mujeres en varias \u00e1reas, incluyendo la mejora de la piel y el cabello, el alivio de los s\u00edntomas de la menopausia, la prevenci\u00f3n de la anemia y la mejora de la salud \u00f3sea, adem\u00e1s de su potencial impacto en la salud sexual.<\/p>\n","protected":false},"excerpt":{"rendered":"<p>Esta formulaci\u00f3n de Moringa con Damiana, Maca y Ginseng Koreano proporciona la enerig\u00eda necesaria para el d\u00eda a d\u00eda, pero adem\u00e1s la moringa es beneficiosa para las mujeres en varias \u00e1reas, incluyendo la mejora de la piel y el cabello, el alivio de los s\u00edntomas de la menopausia, la prevenci\u00f3n de la anemia y la mejora de la salud \u00f3sea, adem\u00e1s de su potencial impacto en la salud sexual.<\/p>\n","protected":false},"featured_media":4001,"comment_status":"open","ping_status":"closed","template":"","meta":[],"product_brand":[461],"product_cat":[393],"product_tag":[560,502,500,567,501,520,503],"class_list":{"0":"post-4000","1":"product","2":"type-product","3":"status-publish","4":"has-post-thumbnail","6":"product_brand-distrisalud","7":"product_cat-energia","8":"product_tag-energia","9":"product_tag-heredia","10":"product_tag-macrobiotica","11":"product_tag-mujer","12":"product_tag-natural","13":"product_tag-natural-shop","14":"product_tag-san-pablo","16":"first","17":"instock","18":"shipping-taxable","19":"purchasable","20":"product-type-simple"},"jetpack_sharing_enabled":true,"_links":{"self":[{"href":"https:\/\/macronaturalsshop.com\/index.php?rest_route=\/wp\/v2\/product\/4000"}],"collection":[{"href":"https:\/\/macronaturalsshop.com\/index.php?rest_route=\/wp\/v2\/product"}],"about":[{"href":"https:\/\/macronaturalsshop.com\/index.php?rest_route=\/wp\/v2\/types\/product"}],"replies":[{"embeddable":true,"href":"https:\/\/macronaturalsshop.com\/index.php?rest_route=%2Fwp%2Fv2%2Fcomments&post=4000"}],"wp:featuredmedia":[{"embeddable":true,"href":"https:\/\/macronaturalsshop.com\/index.php?rest_route=\/wp\/v2\/media\/4001"}],"wp:attachment":[{"href":"https:\/\/macronaturalsshop.com\/index.php?rest_route=%2Fwp%2Fv2%2Fmedia&parent=4000"}],"wp:term":[{"taxonomy":"product_brand","embeddable":true,"href":"https:\/\/macronaturalsshop.com\/index.php?rest_route=%2Fwp%2Fv2%2Fproduct_brand&post=4000"},{"taxonomy":"product_cat","embeddable":true,"href":"https:\/\/macronaturalsshop.com\/index.php?rest_route=%2Fwp%2Fv2%2Fproduct_cat&post=4000"},{"taxonomy":"product_tag","embeddable":true,"href":"https:\/\/macronaturalsshop.com\/index.php?rest_route=%2Fwp%2Fv2%2Fproduct_tag&post=4000"}],"curies":[{"name":"wp","href":"https:\/\/api.w.org\/{rel}","templated":true}]}}