{"id":4002,"date":"2025-08-13T01:05:06","date_gmt":"2025-08-13T01:05:06","guid":{"rendered":"https:\/\/macronaturalsshop.com\/?post_type=product&#038;p=4002"},"modified":"2025-09-22T01:22:33","modified_gmt":"2025-09-22T01:22:33","slug":"moringa-mujeres-circulacion-90cap","status":"publish","type":"product","link":"https:\/\/macronaturalsshop.com\/?product=moringa-mujeres-circulacion-90cap","title":{"rendered":"Moringa Mujeres Circulaci\u00f3n"},"content":{"rendered":"<p>Esta formulaci\u00f3n de Moringa con Centella Asi\u00e1tica, Ortiga, Casta\u00f1a de insdias y Noni ayuda a mejorar la circulaci\u00f3n, pero ademas la moringa es beneficiosa para las mujeres en varias \u00e1reas, incluyendo la mejora de la piel y el cabello, el alivio de los s\u00edntomas de la menopausia, la prevenci\u00f3n de la anemia y la mejora de la salud \u00f3sea, adem\u00e1s de su potencial impacto en la salud sexual.<\/p>\n","protected":false},"excerpt":{"rendered":"<p>Esta formulaci\u00f3n de Moringa con Centella Asi\u00e1tica, Ortiga, Casta\u00f1a de insdias y Noni ayuda a mejorar la circulaci\u00f3n, pero ademas la moringa es beneficiosa para las mujeres en varias \u00e1reas, incluyendo la mejora de la piel y el cabello, el alivio de los s\u00edntomas de la menopausia, la prevenci\u00f3n de la anemia y la mejora de la salud \u00f3sea, adem\u00e1s de su potencial impacto en la salud sexual.<\/p>\n","protected":false},"featured_media":4003,"comment_status":"open","ping_status":"closed","template":"","meta":[],"product_brand":[461],"product_cat":[448],"product_tag":[553,524,502,500,501,520,503,581],"class_list":{"0":"post-4002","1":"product","2":"type-product","3":"status-publish","4":"has-post-thumbnail","6":"product_brand-distrisalud","7":"product_cat-circulacion","8":"product_tag-circulacion","9":"product_tag-cuidado-de-piel","10":"product_tag-heredia","11":"product_tag-macrobiotica","12":"product_tag-natural","13":"product_tag-natural-shop","14":"product_tag-san-pablo","15":"product_tag-unas","17":"first","18":"instock","19":"shipping-taxable","20":"purchasable","21":"product-type-simple"},"jetpack_sharing_enabled":true,"_links":{"self":[{"href":"https:\/\/macronaturalsshop.com\/index.php?rest_route=\/wp\/v2\/product\/4002"}],"collection":[{"href":"https:\/\/macronaturalsshop.com\/index.php?rest_route=\/wp\/v2\/product"}],"about":[{"href":"https:\/\/macronaturalsshop.com\/index.php?rest_route=\/wp\/v2\/types\/product"}],"replies":[{"embeddable":true,"href":"https:\/\/macronaturalsshop.com\/index.php?rest_route=%2Fwp%2Fv2%2Fcomments&post=4002"}],"wp:featuredmedia":[{"embeddable":true,"href":"https:\/\/macronaturalsshop.com\/index.php?rest_route=\/wp\/v2\/media\/4003"}],"wp:attachment":[{"href":"https:\/\/macronaturalsshop.com\/index.php?rest_route=%2Fwp%2Fv2%2Fmedia&parent=4002"}],"wp:term":[{"taxonomy":"product_brand","embeddable":true,"href":"https:\/\/macronaturalsshop.com\/index.php?rest_route=%2Fwp%2Fv2%2Fproduct_brand&post=4002"},{"taxonomy":"product_cat","embeddable":true,"href":"https:\/\/macronaturalsshop.com\/index.php?rest_route=%2Fwp%2Fv2%2Fproduct_cat&post=4002"},{"taxonomy":"product_tag","embeddable":true,"href":"https:\/\/macronaturalsshop.com\/index.php?rest_route=%2Fwp%2Fv2%2Fproduct_tag&post=4002"}],"curies":[{"name":"wp","href":"https:\/\/api.w.org\/{rel}","templated":true}]}}