{"id":4036,"date":"2025-08-23T01:10:13","date_gmt":"2025-08-23T01:10:13","guid":{"rendered":"https:\/\/macronaturalsshop.com\/?post_type=product&#038;p=4036"},"modified":"2025-08-23T21:47:26","modified_gmt":"2025-08-23T21:47:26","slug":"enzymas-de-papaya-120-caps","status":"publish","type":"product","link":"https:\/\/macronaturalsshop.com\/?product=enzymas-de-papaya-120-caps","title":{"rendered":"Enzimas de Papaya 120 c\u00e1ps"},"content":{"rendered":"<p>Las c\u00e1psulas de enzimas de papaya sirven para mejorar la salud digestiva, ya que la papaya contiene enzimas como la papa\u00edna y la bromelina que ayudan a descomponer las prote\u00ednas en amino\u00e1cidos, la amilasa que descompone los carbohidratos y otras enzimas que facilitan la digesti\u00f3n de grasas y la absorci\u00f3n de nutrientes. Tambi\u00e9n pueden aliviar s\u00edntomas como la hinchaz\u00f3n, los gases y el malestar estomacal, y reponer las enzimas naturales que se pierden durante la cocci\u00f3n de los alimentos.<\/p>\n","protected":false},"excerpt":{"rendered":"<p>Ayuda a mejorar la digesti\u00f3n y absorci\u00f3n de nutrientes.<br \/>\nAyuda areducir la hincahz\u00f3n y los gases.<br \/>\nAyuda a mejorar la salud intestinal.<\/p>\n","protected":false},"featured_media":4037,"comment_status":"open","ping_status":"closed","template":"","meta":[],"product_brand":[461],"product_cat":[396],"product_tag":[],"class_list":{"0":"post-4036","1":"product","2":"type-product","3":"status-publish","4":"has-post-thumbnail","6":"product_brand-distrisalud","7":"product_cat-sistema-digestivo","9":"first","10":"instock","11":"shipping-taxable","12":"purchasable","13":"product-type-simple"},"jetpack_sharing_enabled":true,"_links":{"self":[{"href":"https:\/\/macronaturalsshop.com\/index.php?rest_route=\/wp\/v2\/product\/4036"}],"collection":[{"href":"https:\/\/macronaturalsshop.com\/index.php?rest_route=\/wp\/v2\/product"}],"about":[{"href":"https:\/\/macronaturalsshop.com\/index.php?rest_route=\/wp\/v2\/types\/product"}],"replies":[{"embeddable":true,"href":"https:\/\/macronaturalsshop.com\/index.php?rest_route=%2Fwp%2Fv2%2Fcomments&post=4036"}],"wp:featuredmedia":[{"embeddable":true,"href":"https:\/\/macronaturalsshop.com\/index.php?rest_route=\/wp\/v2\/media\/4037"}],"wp:attachment":[{"href":"https:\/\/macronaturalsshop.com\/index.php?rest_route=%2Fwp%2Fv2%2Fmedia&parent=4036"}],"wp:term":[{"taxonomy":"product_brand","embeddable":true,"href":"https:\/\/macronaturalsshop.com\/index.php?rest_route=%2Fwp%2Fv2%2Fproduct_brand&post=4036"},{"taxonomy":"product_cat","embeddable":true,"href":"https:\/\/macronaturalsshop.com\/index.php?rest_route=%2Fwp%2Fv2%2Fproduct_cat&post=4036"},{"taxonomy":"product_tag","embeddable":true,"href":"https:\/\/macronaturalsshop.com\/index.php?rest_route=%2Fwp%2Fv2%2Fproduct_tag&post=4036"}],"curies":[{"name":"wp","href":"https:\/\/api.w.org\/{rel}","templated":true}]}}