{"id":4049,"date":"2025-08-12T06:20:24","date_gmt":"2025-08-12T06:20:24","guid":{"rendered":"https:\/\/macronaturalsshop.com\/?post_type=product&#038;p=4049"},"modified":"2025-09-22T01:23:04","modified_gmt":"2025-09-22T01:23:04","slug":"colageno-hidrolizado-120-caps","status":"publish","type":"product","link":"https:\/\/macronaturalsshop.com\/?product=colageno-hidrolizado-120-caps","title":{"rendered":"Col\u00e1geno Hidrolizado"},"content":{"rendered":"<p>Esta prote\u00edna se encuentra en los huesos y cart\u00edlagos de animales, y tiene diferentes beneficios: Mejora la firmeza de la piel. Fortalece las articulaciones, las u\u00f1as y el cabello.<\/p>\n","protected":false},"excerpt":{"rendered":"<p>Mejora la salud de las articulaciones.<br \/>\nFortalece las u\u00f1as y el cabello.<br \/>\nMejora la hidrataci\u00f3n y elasticidiad de la piel.<\/p>\n","protected":false},"featured_media":4050,"comment_status":"open","ping_status":"closed","template":"","meta":[],"product_brand":[461],"product_cat":[389],"product_tag":[559,502,500,501,520,509,503,581],"class_list":{"0":"post-4049","1":"product","2":"type-product","3":"status-publish","4":"has-post-thumbnail","6":"product_brand-distrisalud","7":"product_cat-colageno","8":"product_tag-colageno","9":"product_tag-heredia","10":"product_tag-macrobiotica","11":"product_tag-natural","12":"product_tag-natural-shop","13":"product_tag-piel","14":"product_tag-san-pablo","15":"product_tag-unas","17":"first","18":"instock","19":"shipping-taxable","20":"purchasable","21":"product-type-simple"},"jetpack_sharing_enabled":true,"_links":{"self":[{"href":"https:\/\/macronaturalsshop.com\/index.php?rest_route=\/wp\/v2\/product\/4049"}],"collection":[{"href":"https:\/\/macronaturalsshop.com\/index.php?rest_route=\/wp\/v2\/product"}],"about":[{"href":"https:\/\/macronaturalsshop.com\/index.php?rest_route=\/wp\/v2\/types\/product"}],"replies":[{"embeddable":true,"href":"https:\/\/macronaturalsshop.com\/index.php?rest_route=%2Fwp%2Fv2%2Fcomments&post=4049"}],"wp:featuredmedia":[{"embeddable":true,"href":"https:\/\/macronaturalsshop.com\/index.php?rest_route=\/wp\/v2\/media\/4050"}],"wp:attachment":[{"href":"https:\/\/macronaturalsshop.com\/index.php?rest_route=%2Fwp%2Fv2%2Fmedia&parent=4049"}],"wp:term":[{"taxonomy":"product_brand","embeddable":true,"href":"https:\/\/macronaturalsshop.com\/index.php?rest_route=%2Fwp%2Fv2%2Fproduct_brand&post=4049"},{"taxonomy":"product_cat","embeddable":true,"href":"https:\/\/macronaturalsshop.com\/index.php?rest_route=%2Fwp%2Fv2%2Fproduct_cat&post=4049"},{"taxonomy":"product_tag","embeddable":true,"href":"https:\/\/macronaturalsshop.com\/index.php?rest_route=%2Fwp%2Fv2%2Fproduct_tag&post=4049"}],"curies":[{"name":"wp","href":"https:\/\/api.w.org\/{rel}","templated":true}]}}