{"id":4053,"date":"2025-08-13T02:30:31","date_gmt":"2025-08-13T02:30:31","guid":{"rendered":"https:\/\/macronaturalsshop.com\/?post_type=product&#038;p=4053"},"modified":"2025-08-13T21:46:09","modified_gmt":"2025-08-13T21:46:09","slug":"citrato-de-potasio-120-caps","status":"publish","type":"product","link":"https:\/\/macronaturalsshop.com\/?product=citrato-de-potasio-120-caps","title":{"rendered":"Citrato de Potasio"},"content":{"rendered":"<p>Tambi\u00e9n pueden ser beneficiosas para personas con condiciones como la gota y la nefrolitiasis hiperuricos\u00farica. Adem\u00e1s, el citrato de potasio ayuda a mantener el equilibrio \u00e1cido-base en el cuerpo y a regular los niveles de potasio, un mineral esencial para diversas funciones corporales.<\/p>\n","protected":false},"excerpt":{"rendered":"<p>Las c\u00e1psulas de citrato de potasio se utilizan principalmente para prevenir y tratar los niveles altos de \u00e1cido \u00farico y para ayudar a prevenir la formaci\u00f3n de c\u00e1lculos renales.<\/p>\n","protected":false},"featured_media":4054,"comment_status":"open","ping_status":"closed","template":"","meta":[],"product_brand":[461],"product_cat":[398],"product_tag":[502,500,501,520,592,503],"class_list":{"0":"post-4053","1":"product","2":"type-product","3":"status-publish","4":"has-post-thumbnail","6":"product_brand-distrisalud","7":"product_cat-vit-y-min","8":"product_tag-heredia","9":"product_tag-macrobiotica","10":"product_tag-natural","11":"product_tag-natural-shop","12":"product_tag-potasio","13":"product_tag-san-pablo","15":"first","16":"instock","17":"shipping-taxable","18":"purchasable","19":"product-type-simple"},"jetpack_sharing_enabled":true,"_links":{"self":[{"href":"https:\/\/macronaturalsshop.com\/index.php?rest_route=\/wp\/v2\/product\/4053"}],"collection":[{"href":"https:\/\/macronaturalsshop.com\/index.php?rest_route=\/wp\/v2\/product"}],"about":[{"href":"https:\/\/macronaturalsshop.com\/index.php?rest_route=\/wp\/v2\/types\/product"}],"replies":[{"embeddable":true,"href":"https:\/\/macronaturalsshop.com\/index.php?rest_route=%2Fwp%2Fv2%2Fcomments&post=4053"}],"wp:featuredmedia":[{"embeddable":true,"href":"https:\/\/macronaturalsshop.com\/index.php?rest_route=\/wp\/v2\/media\/4054"}],"wp:attachment":[{"href":"https:\/\/macronaturalsshop.com\/index.php?rest_route=%2Fwp%2Fv2%2Fmedia&parent=4053"}],"wp:term":[{"taxonomy":"product_brand","embeddable":true,"href":"https:\/\/macronaturalsshop.com\/index.php?rest_route=%2Fwp%2Fv2%2Fproduct_brand&post=4053"},{"taxonomy":"product_cat","embeddable":true,"href":"https:\/\/macronaturalsshop.com\/index.php?rest_route=%2Fwp%2Fv2%2Fproduct_cat&post=4053"},{"taxonomy":"product_tag","embeddable":true,"href":"https:\/\/macronaturalsshop.com\/index.php?rest_route=%2Fwp%2Fv2%2Fproduct_tag&post=4053"}],"curies":[{"name":"wp","href":"https:\/\/api.w.org\/{rel}","templated":true}]}}