{"id":4055,"date":"2025-08-23T02:00:08","date_gmt":"2025-08-23T02:00:08","guid":{"rendered":"https:\/\/macronaturalsshop.com\/?post_type=product&#038;p=4055"},"modified":"2025-09-22T01:23:38","modified_gmt":"2025-09-22T01:23:38","slug":"citrato-de-magnesio-y-potasio-60cap","status":"publish","type":"product","link":"https:\/\/macronaturalsshop.com\/?product=citrato-de-magnesio-y-potasio-60cap","title":{"rendered":"Citrato de Magnesio y Potasio 60 c\u00e1ps"},"content":{"rendered":"<p>Las c\u00e1psulas de citrato de magnesio y potasio sirven para\u00a0apoyar la funci\u00f3n muscular y nerviosa, mantener la salud card\u00edaca, fortalecer huesos y dientes, y contribuir al metabolismo energ\u00e9tico y al equilibrio de electrolitos.\u00a0Son \u00fatiles para tratar deficiencias de estos minerales, ayudar con la fatiga, los calambres musculares, el estr\u00e9s y promover el sue\u00f1o.<\/p>\n","protected":false},"excerpt":{"rendered":"<p>Provee energ\u00eda.<br \/>\nPromueve una mejor salud para el sistema nervioso.<\/p>\n","protected":false},"featured_media":4056,"comment_status":"open","ping_status":"closed","template":"","meta":[],"product_brand":[461],"product_cat":[386],"product_tag":[560,502,561,501,520,503],"class_list":{"0":"post-4055","1":"product","2":"type-product","3":"status-publish","4":"has-post-thumbnail","6":"product_brand-distrisalud","7":"product_cat-magnesio","8":"product_tag-energia","9":"product_tag-heredia","10":"product_tag-musculos","11":"product_tag-natural","12":"product_tag-natural-shop","13":"product_tag-san-pablo","15":"first","16":"instock","17":"shipping-taxable","18":"purchasable","19":"product-type-simple"},"jetpack_sharing_enabled":true,"_links":{"self":[{"href":"https:\/\/macronaturalsshop.com\/index.php?rest_route=\/wp\/v2\/product\/4055"}],"collection":[{"href":"https:\/\/macronaturalsshop.com\/index.php?rest_route=\/wp\/v2\/product"}],"about":[{"href":"https:\/\/macronaturalsshop.com\/index.php?rest_route=\/wp\/v2\/types\/product"}],"replies":[{"embeddable":true,"href":"https:\/\/macronaturalsshop.com\/index.php?rest_route=%2Fwp%2Fv2%2Fcomments&post=4055"}],"wp:featuredmedia":[{"embeddable":true,"href":"https:\/\/macronaturalsshop.com\/index.php?rest_route=\/wp\/v2\/media\/4056"}],"wp:attachment":[{"href":"https:\/\/macronaturalsshop.com\/index.php?rest_route=%2Fwp%2Fv2%2Fmedia&parent=4055"}],"wp:term":[{"taxonomy":"product_brand","embeddable":true,"href":"https:\/\/macronaturalsshop.com\/index.php?rest_route=%2Fwp%2Fv2%2Fproduct_brand&post=4055"},{"taxonomy":"product_cat","embeddable":true,"href":"https:\/\/macronaturalsshop.com\/index.php?rest_route=%2Fwp%2Fv2%2Fproduct_cat&post=4055"},{"taxonomy":"product_tag","embeddable":true,"href":"https:\/\/macronaturalsshop.com\/index.php?rest_route=%2Fwp%2Fv2%2Fproduct_tag&post=4055"}],"curies":[{"name":"wp","href":"https:\/\/api.w.org\/{rel}","templated":true}]}}