{"id":4063,"date":"2025-08-23T02:20:07","date_gmt":"2025-08-23T02:20:07","guid":{"rendered":"https:\/\/macronaturalsshop.com\/?post_type=product&#038;p=4063"},"modified":"2025-09-22T00:33:37","modified_gmt":"2025-09-22T00:33:37","slug":"chia-semillas-secas-200g","status":"publish","type":"product","link":"https:\/\/macronaturalsshop.com\/?product=chia-semillas-secas-200g","title":{"rendered":"Semillas Secas de Ch\u00eda 200g"},"content":{"rendered":"<p>Se le pueden a\u00f1adir a diversos alimentos como cereales, yogurt, batidos o como aderezos para ensaladas.<\/p>\n","protected":false},"excerpt":{"rendered":"<p>La Ch\u00eda tiene beneficios para la digesti\u00f3n, el control de peso,salud de la piel y salud del coraz\u00f3n.<\/p>\n","protected":false},"featured_media":4064,"comment_status":"open","ping_status":"closed","template":"","meta":[],"product_brand":[461],"product_cat":[421],"product_tag":[541,502,500,501,520,503],"class_list":{"0":"post-4063","1":"product","2":"type-product","3":"status-publish","4":"has-post-thumbnail","6":"product_brand-distrisalud","7":"product_cat-alimentos-snacks","8":"product_tag-digestion","9":"product_tag-heredia","10":"product_tag-macrobiotica","11":"product_tag-natural","12":"product_tag-natural-shop","13":"product_tag-san-pablo","15":"first","16":"instock","17":"shipping-taxable","18":"purchasable","19":"product-type-simple"},"jetpack_sharing_enabled":true,"_links":{"self":[{"href":"https:\/\/macronaturalsshop.com\/index.php?rest_route=\/wp\/v2\/product\/4063"}],"collection":[{"href":"https:\/\/macronaturalsshop.com\/index.php?rest_route=\/wp\/v2\/product"}],"about":[{"href":"https:\/\/macronaturalsshop.com\/index.php?rest_route=\/wp\/v2\/types\/product"}],"replies":[{"embeddable":true,"href":"https:\/\/macronaturalsshop.com\/index.php?rest_route=%2Fwp%2Fv2%2Fcomments&post=4063"}],"wp:featuredmedia":[{"embeddable":true,"href":"https:\/\/macronaturalsshop.com\/index.php?rest_route=\/wp\/v2\/media\/4064"}],"wp:attachment":[{"href":"https:\/\/macronaturalsshop.com\/index.php?rest_route=%2Fwp%2Fv2%2Fmedia&parent=4063"}],"wp:term":[{"taxonomy":"product_brand","embeddable":true,"href":"https:\/\/macronaturalsshop.com\/index.php?rest_route=%2Fwp%2Fv2%2Fproduct_brand&post=4063"},{"taxonomy":"product_cat","embeddable":true,"href":"https:\/\/macronaturalsshop.com\/index.php?rest_route=%2Fwp%2Fv2%2Fproduct_cat&post=4063"},{"taxonomy":"product_tag","embeddable":true,"href":"https:\/\/macronaturalsshop.com\/index.php?rest_route=%2Fwp%2Fv2%2Fproduct_tag&post=4063"}],"curies":[{"name":"wp","href":"https:\/\/api.w.org\/{rel}","templated":true}]}}