{"id":4071,"date":"2025-09-14T01:15:14","date_gmt":"2025-09-14T01:15:14","guid":{"rendered":"https:\/\/macronaturalsshop.com\/?post_type=product&#038;p=4071"},"modified":"2025-09-14T23:19:00","modified_gmt":"2025-09-14T23:19:00","slug":"candida-support-60-caps-500-mg","status":"publish","type":"product","link":"https:\/\/macronaturalsshop.com\/?product=candida-support-60-caps-500-mg","title":{"rendered":"Candida Support 500 mg"},"content":{"rendered":"<p>La Candida es un hongo que vive en todas partes, incluso del cuerpo humano. Dicho hongo puede causar infecciones en la boca, es\u00f3fago, intestino, piel e inclusive infecciones vaginales. Este producto est\u00e1 dise\u00f1ado para controlar este microorganismo y as\u00ed evitar infeccines en la salud.<\/p>\n","protected":false},"excerpt":{"rendered":"<p>Ayuda a controlar la candida.<\/p>\n","protected":false},"featured_media":5418,"comment_status":"open","ping_status":"closed","template":"","meta":[],"product_brand":[461],"product_cat":[396],"product_tag":[502,500,501,520,503],"class_list":{"0":"post-4071","1":"product","2":"type-product","3":"status-publish","4":"has-post-thumbnail","6":"product_brand-distrisalud","7":"product_cat-sistema-digestivo","8":"product_tag-heredia","9":"product_tag-macrobiotica","10":"product_tag-natural","11":"product_tag-natural-shop","12":"product_tag-san-pablo","14":"first","15":"instock","16":"shipping-taxable","17":"purchasable","18":"product-type-simple"},"jetpack_sharing_enabled":true,"_links":{"self":[{"href":"https:\/\/macronaturalsshop.com\/index.php?rest_route=\/wp\/v2\/product\/4071"}],"collection":[{"href":"https:\/\/macronaturalsshop.com\/index.php?rest_route=\/wp\/v2\/product"}],"about":[{"href":"https:\/\/macronaturalsshop.com\/index.php?rest_route=\/wp\/v2\/types\/product"}],"replies":[{"embeddable":true,"href":"https:\/\/macronaturalsshop.com\/index.php?rest_route=%2Fwp%2Fv2%2Fcomments&post=4071"}],"wp:featuredmedia":[{"embeddable":true,"href":"https:\/\/macronaturalsshop.com\/index.php?rest_route=\/wp\/v2\/media\/5418"}],"wp:attachment":[{"href":"https:\/\/macronaturalsshop.com\/index.php?rest_route=%2Fwp%2Fv2%2Fmedia&parent=4071"}],"wp:term":[{"taxonomy":"product_brand","embeddable":true,"href":"https:\/\/macronaturalsshop.com\/index.php?rest_route=%2Fwp%2Fv2%2Fproduct_brand&post=4071"},{"taxonomy":"product_cat","embeddable":true,"href":"https:\/\/macronaturalsshop.com\/index.php?rest_route=%2Fwp%2Fv2%2Fproduct_cat&post=4071"},{"taxonomy":"product_tag","embeddable":true,"href":"https:\/\/macronaturalsshop.com\/index.php?rest_route=%2Fwp%2Fv2%2Fproduct_tag&post=4071"}],"curies":[{"name":"wp","href":"https:\/\/api.w.org\/{rel}","templated":true}]}}