{"id":4073,"date":"2025-09-14T01:40:00","date_gmt":"2025-09-14T01:40:00","guid":{"rendered":"https:\/\/macronaturalsshop.com\/?post_type=product&#038;p=4073"},"modified":"2025-09-14T23:30:02","modified_gmt":"2025-09-14T23:30:02","slug":"bisglicinato-de-magnesio-sanum-300g","status":"publish","type":"product","link":"https:\/\/macronaturalsshop.com\/?product=bisglicinato-de-magnesio-sanum-300g","title":{"rendered":"Bisglicinato de Magnesio Sanum 300g"},"content":{"rendered":"<p>El bisglicinato de magnesio es un suplemento mineral que sirve para mejorar la absorci\u00f3n de magnesio en el cuerpo, ayudando a la relajaci\u00f3n muscular, la salud del sistema nervioso, el sue\u00f1o profundo, el bienestar \u00f3seo y la funci\u00f3n cardiovascular. Su buena absorci\u00f3n y bajo efecto laxante lo hacen una opci\u00f3n ideal para personas con estr\u00e9s, ansiedad, calambres musculares o que buscan mejorar su rendimiento f\u00edsico y descanso.<\/p>\n","protected":false},"excerpt":{"rendered":"<p>Promueve una buena salud muscular<br \/>\nAyuda al sistema nervioso y \u00f3seo.<\/p>\n","protected":false},"featured_media":4074,"comment_status":"open","ping_status":"closed","template":"","meta":[],"product_brand":[461],"product_cat":[386],"product_tag":[502,500,561,501,520,503],"class_list":{"0":"post-4073","1":"product","2":"type-product","3":"status-publish","4":"has-post-thumbnail","6":"product_brand-distrisalud","7":"product_cat-magnesio","8":"product_tag-heredia","9":"product_tag-macrobiotica","10":"product_tag-musculos","11":"product_tag-natural","12":"product_tag-natural-shop","13":"product_tag-san-pablo","15":"first","16":"instock","17":"shipping-taxable","18":"purchasable","19":"product-type-simple"},"jetpack_sharing_enabled":true,"_links":{"self":[{"href":"https:\/\/macronaturalsshop.com\/index.php?rest_route=\/wp\/v2\/product\/4073"}],"collection":[{"href":"https:\/\/macronaturalsshop.com\/index.php?rest_route=\/wp\/v2\/product"}],"about":[{"href":"https:\/\/macronaturalsshop.com\/index.php?rest_route=\/wp\/v2\/types\/product"}],"replies":[{"embeddable":true,"href":"https:\/\/macronaturalsshop.com\/index.php?rest_route=%2Fwp%2Fv2%2Fcomments&post=4073"}],"wp:featuredmedia":[{"embeddable":true,"href":"https:\/\/macronaturalsshop.com\/index.php?rest_route=\/wp\/v2\/media\/4074"}],"wp:attachment":[{"href":"https:\/\/macronaturalsshop.com\/index.php?rest_route=%2Fwp%2Fv2%2Fmedia&parent=4073"}],"wp:term":[{"taxonomy":"product_brand","embeddable":true,"href":"https:\/\/macronaturalsshop.com\/index.php?rest_route=%2Fwp%2Fv2%2Fproduct_brand&post=4073"},{"taxonomy":"product_cat","embeddable":true,"href":"https:\/\/macronaturalsshop.com\/index.php?rest_route=%2Fwp%2Fv2%2Fproduct_cat&post=4073"},{"taxonomy":"product_tag","embeddable":true,"href":"https:\/\/macronaturalsshop.com\/index.php?rest_route=%2Fwp%2Fv2%2Fproduct_tag&post=4073"}],"curies":[{"name":"wp","href":"https:\/\/api.w.org\/{rel}","templated":true}]}}