{"id":4081,"date":"2025-09-14T01:45:44","date_gmt":"2025-09-14T01:45:44","guid":{"rendered":"https:\/\/macronaturalsshop.com\/?post_type=product&#038;p=4081"},"modified":"2025-09-22T01:24:46","modified_gmt":"2025-09-22T01:24:46","slug":"bisglicinato-de-magnesio-120-caps","status":"publish","type":"product","link":"https:\/\/macronaturalsshop.com\/?product=bisglicinato-de-magnesio-120-caps","title":{"rendered":"Bisglicinato de Magnesio"},"content":{"rendered":"<p>Las c\u00e1psulas de bisglicinato de magnesio sirven para mejorar la salud general al apoyar la funci\u00f3n muscular y nerviosa, reducir la ansiedad y el estr\u00e9s, promover la relajaci\u00f3n y un mejor sue\u00f1o, as\u00ed como para favorecer la salud \u00f3sea y cardiovascular. Su principal ventaja es su alta capacidad de absorci\u00f3n en el cuerpo y su buena tolerancia digestiva, lo que lo hace ideal para personas con est\u00f3magos sensibles.<\/p>\n","protected":false},"excerpt":{"rendered":"<p>Promueve una buena salud muscular<br \/>\nAyuda al sistema nervioso y \u00f3seo.<\/p>\n","protected":false},"featured_media":4075,"comment_status":"open","ping_status":"closed","template":"","meta":[],"product_brand":[461],"product_cat":[386],"product_tag":[502,500,561,501,520,503],"class_list":{"0":"post-4081","1":"product","2":"type-product","3":"status-publish","4":"has-post-thumbnail","6":"product_brand-distrisalud","7":"product_cat-magnesio","8":"product_tag-heredia","9":"product_tag-macrobiotica","10":"product_tag-musculos","11":"product_tag-natural","12":"product_tag-natural-shop","13":"product_tag-san-pablo","15":"first","16":"instock","17":"shipping-taxable","18":"purchasable","19":"product-type-simple"},"jetpack_sharing_enabled":true,"_links":{"self":[{"href":"https:\/\/macronaturalsshop.com\/index.php?rest_route=\/wp\/v2\/product\/4081"}],"collection":[{"href":"https:\/\/macronaturalsshop.com\/index.php?rest_route=\/wp\/v2\/product"}],"about":[{"href":"https:\/\/macronaturalsshop.com\/index.php?rest_route=\/wp\/v2\/types\/product"}],"replies":[{"embeddable":true,"href":"https:\/\/macronaturalsshop.com\/index.php?rest_route=%2Fwp%2Fv2%2Fcomments&post=4081"}],"wp:featuredmedia":[{"embeddable":true,"href":"https:\/\/macronaturalsshop.com\/index.php?rest_route=\/wp\/v2\/media\/4075"}],"wp:attachment":[{"href":"https:\/\/macronaturalsshop.com\/index.php?rest_route=%2Fwp%2Fv2%2Fmedia&parent=4081"}],"wp:term":[{"taxonomy":"product_brand","embeddable":true,"href":"https:\/\/macronaturalsshop.com\/index.php?rest_route=%2Fwp%2Fv2%2Fproduct_brand&post=4081"},{"taxonomy":"product_cat","embeddable":true,"href":"https:\/\/macronaturalsshop.com\/index.php?rest_route=%2Fwp%2Fv2%2Fproduct_cat&post=4081"},{"taxonomy":"product_tag","embeddable":true,"href":"https:\/\/macronaturalsshop.com\/index.php?rest_route=%2Fwp%2Fv2%2Fproduct_tag&post=4081"}],"curies":[{"name":"wp","href":"https:\/\/api.w.org\/{rel}","templated":true}]}}