{"id":4086,"date":"2025-09-14T02:00:25","date_gmt":"2025-09-14T02:00:25","guid":{"rendered":"https:\/\/macronaturalsshop.com\/?post_type=product&#038;p=4086"},"modified":"2025-09-22T01:25:27","modified_gmt":"2025-09-22T01:25:27","slug":"ajo-negro-120-caps","status":"publish","type":"product","link":"https:\/\/macronaturalsshop.com\/?product=ajo-negro-120-caps","title":{"rendered":"Ajo Negro"},"content":{"rendered":"<p>Las c\u00e1psulas de ajo negro sirven para fortalecer el sistema inmunol\u00f3gico, mejorar la salud cardiovascular y metab\u00f3lica al regular la presi\u00f3n arterial y el colesterol, y como potente antioxidante para combatir el estr\u00e9s oxidativo y el envejecimiento. Tambi\u00e9n pueden ayudar con la salud de la piel y la funci\u00f3n hep\u00e1tica, adem\u00e1s de poseer propiedades antiinflamatorias y energizantes.<\/p>\n","protected":false},"excerpt":{"rendered":"<p>Mejora la circulaci\u00f3n en la sangre.<br \/>\nFomenta el buen funcionamiento del sistema nervioso.<br \/>\nAyuda a eliminar la retenci\u00f3n de l\u00edquidos.<br \/>\nAyuda a disminuir los niveles de Colesterol.<\/p>\n","protected":false},"featured_media":4087,"comment_status":"open","ping_status":"closed","template":"","meta":[],"product_brand":[461],"product_cat":[382,395],"product_tag":[546,502,500,501,520,503],"class_list":{"0":"post-4086","1":"product","2":"type-product","3":"status-publish","4":"has-post-thumbnail","6":"product_brand-distrisalud","7":"product_cat-antioxidante","8":"product_cat-trigliceridos","9":"product_tag-colesterol","10":"product_tag-heredia","11":"product_tag-macrobiotica","12":"product_tag-natural","13":"product_tag-natural-shop","14":"product_tag-san-pablo","16":"first","17":"instock","18":"shipping-taxable","19":"purchasable","20":"product-type-simple"},"jetpack_sharing_enabled":true,"_links":{"self":[{"href":"https:\/\/macronaturalsshop.com\/index.php?rest_route=\/wp\/v2\/product\/4086"}],"collection":[{"href":"https:\/\/macronaturalsshop.com\/index.php?rest_route=\/wp\/v2\/product"}],"about":[{"href":"https:\/\/macronaturalsshop.com\/index.php?rest_route=\/wp\/v2\/types\/product"}],"replies":[{"embeddable":true,"href":"https:\/\/macronaturalsshop.com\/index.php?rest_route=%2Fwp%2Fv2%2Fcomments&post=4086"}],"wp:featuredmedia":[{"embeddable":true,"href":"https:\/\/macronaturalsshop.com\/index.php?rest_route=\/wp\/v2\/media\/4087"}],"wp:attachment":[{"href":"https:\/\/macronaturalsshop.com\/index.php?rest_route=%2Fwp%2Fv2%2Fmedia&parent=4086"}],"wp:term":[{"taxonomy":"product_brand","embeddable":true,"href":"https:\/\/macronaturalsshop.com\/index.php?rest_route=%2Fwp%2Fv2%2Fproduct_brand&post=4086"},{"taxonomy":"product_cat","embeddable":true,"href":"https:\/\/macronaturalsshop.com\/index.php?rest_route=%2Fwp%2Fv2%2Fproduct_cat&post=4086"},{"taxonomy":"product_tag","embeddable":true,"href":"https:\/\/macronaturalsshop.com\/index.php?rest_route=%2Fwp%2Fv2%2Fproduct_tag&post=4086"}],"curies":[{"name":"wp","href":"https:\/\/api.w.org\/{rel}","templated":true}]}}