{"id":4097,"date":"2025-09-14T02:10:50","date_gmt":"2025-09-14T02:10:50","guid":{"rendered":"https:\/\/macronaturalsshop.com\/?post_type=product&#038;p=4097"},"modified":"2025-09-15T00:09:32","modified_gmt":"2025-09-15T00:09:32","slug":"balsamo-pectoral-lopez-adulto","status":"publish","type":"product","link":"https:\/\/macronaturalsshop.com\/?product=balsamo-pectoral-lopez-adulto","title":{"rendered":"Balsamo Pectoral Adulto"},"content":{"rendered":"<p>\u2013 Los aceites esenciales de Niaul\u00ed, Romero qt alcanfor, Lavanda, Romero qt cineol, Ravintsara y Espliego macho.<\/p>\n<p>\u2013 Los aceites vegetales de jojoba, hip\u00e9rico, \u00e1rnica, as\u00ed como la manteca de karit\u00e9<\/p>\n<p>\u2013 C\u00e1\u00f1amo y aceite de cannabis<\/p>\n<p>\u2013 Extractos naturales de harpagofito, sauco y aloe vera<\/p>\n<p>\u2013 Vitaminas C y E<\/p>\n<p>Este conjunto, tan variado, de ingredientes naturales eficazmente combinados hacen que presente una textura fundente y suave que proporcionar\u00e1 una experiencia agradable al tacto y nutritiva para la piel.<\/p>\n","protected":false},"excerpt":{"rendered":"<p>El B\u00e1lsamo Pectoral Adulto de Vitaroms by Drasanvi, presenta propiedades relajantes, bals\u00e1micas y de alivio de los s\u00edntomas del resfriado gracias al complejo bioactivo sin\u00e9rgico de ingredientes naturales que lo conforman.<\/p>\n","protected":false},"featured_media":5427,"comment_status":"open","ping_status":"closed","template":"","meta":[],"product_brand":[463],"product_cat":[430,415,413],"product_tag":[502,500,501,520,509,503,568],"class_list":{"0":"post-4097","1":"product","2":"type-product","3":"status-publish","4":"has-post-thumbnail","6":"product_brand-drasanvi","7":"product_cat-antinflamatorio-y-dolores","8":"product_cat-sistema-respiratorio","9":"product_cat-unguento","10":"product_tag-heredia","11":"product_tag-macrobiotica","12":"product_tag-natural","13":"product_tag-natural-shop","14":"product_tag-piel","15":"product_tag-san-pablo","16":"product_tag-vitaminas","18":"first","19":"instock","20":"shipping-taxable","21":"purchasable","22":"product-type-simple"},"jetpack_sharing_enabled":true,"_links":{"self":[{"href":"https:\/\/macronaturalsshop.com\/index.php?rest_route=\/wp\/v2\/product\/4097"}],"collection":[{"href":"https:\/\/macronaturalsshop.com\/index.php?rest_route=\/wp\/v2\/product"}],"about":[{"href":"https:\/\/macronaturalsshop.com\/index.php?rest_route=\/wp\/v2\/types\/product"}],"replies":[{"embeddable":true,"href":"https:\/\/macronaturalsshop.com\/index.php?rest_route=%2Fwp%2Fv2%2Fcomments&post=4097"}],"wp:featuredmedia":[{"embeddable":true,"href":"https:\/\/macronaturalsshop.com\/index.php?rest_route=\/wp\/v2\/media\/5427"}],"wp:attachment":[{"href":"https:\/\/macronaturalsshop.com\/index.php?rest_route=%2Fwp%2Fv2%2Fmedia&parent=4097"}],"wp:term":[{"taxonomy":"product_brand","embeddable":true,"href":"https:\/\/macronaturalsshop.com\/index.php?rest_route=%2Fwp%2Fv2%2Fproduct_brand&post=4097"},{"taxonomy":"product_cat","embeddable":true,"href":"https:\/\/macronaturalsshop.com\/index.php?rest_route=%2Fwp%2Fv2%2Fproduct_cat&post=4097"},{"taxonomy":"product_tag","embeddable":true,"href":"https:\/\/macronaturalsshop.com\/index.php?rest_route=%2Fwp%2Fv2%2Fproduct_tag&post=4097"}],"curies":[{"name":"wp","href":"https:\/\/api.w.org\/{rel}","templated":true}]}}