{"id":4110,"date":"2025-08-15T06:00:48","date_gmt":"2025-08-15T06:00:48","guid":{"rendered":"https:\/\/macronaturalsshop.com\/?post_type=product&#038;p=4110"},"modified":"2025-08-15T21:36:35","modified_gmt":"2025-08-15T21:36:35","slug":"vegan-protein-frambuesa-y-crema-600g","status":"publish","type":"product","link":"https:\/\/macronaturalsshop.com\/?product=vegan-protein-frambuesa-y-crema-600g","title":{"rendered":"Vegan Protein Frambuesa y Crema 600g"},"content":{"rendered":"<p>Las nuevas tendencias del mercado abogan por la importancia de las prote\u00ednas en la alimentaci\u00f3n diaria. Sin embargo, el exceso de prote\u00ednas animales o diversas formas de alimentaci\u00f3n han colocado a las prote\u00ednas vegetales entre las sustancias m\u00e1s demandadas al no poder satisfacer la cantidad necesaria a trav\u00e9s de la dieta.Las prote\u00ednas entran a formar parte de todas las estructuras del organismo, entre las que destacamos, por su importancia en el deporte, la conservaci\u00f3n de la masa muscular.<\/p>\n","protected":false},"excerpt":{"rendered":"<p>Mezcla de prote\u00ednas vegetales con enzimas y probioticos sabor a frambuesa y crema.<br \/>\nAyuda a la salud del coraz\u00f3n y de los vasos sangu\u00edneos.<\/p>\n","protected":false},"featured_media":5026,"comment_status":"open","ping_status":"closed","template":"","meta":[],"product_brand":[463],"product_cat":[385],"product_tag":[502,500,501,520,555,503],"class_list":{"0":"post-4110","1":"product","2":"type-product","3":"status-publish","4":"has-post-thumbnail","6":"product_brand-drasanvi","7":"product_cat-deporte","8":"product_tag-heredia","9":"product_tag-macrobiotica","10":"product_tag-natural","11":"product_tag-natural-shop","12":"product_tag-proteinas","13":"product_tag-san-pablo","15":"first","16":"instock","17":"shipping-taxable","18":"purchasable","19":"product-type-simple"},"jetpack_sharing_enabled":true,"_links":{"self":[{"href":"https:\/\/macronaturalsshop.com\/index.php?rest_route=\/wp\/v2\/product\/4110"}],"collection":[{"href":"https:\/\/macronaturalsshop.com\/index.php?rest_route=\/wp\/v2\/product"}],"about":[{"href":"https:\/\/macronaturalsshop.com\/index.php?rest_route=\/wp\/v2\/types\/product"}],"replies":[{"embeddable":true,"href":"https:\/\/macronaturalsshop.com\/index.php?rest_route=%2Fwp%2Fv2%2Fcomments&post=4110"}],"wp:featuredmedia":[{"embeddable":true,"href":"https:\/\/macronaturalsshop.com\/index.php?rest_route=\/wp\/v2\/media\/5026"}],"wp:attachment":[{"href":"https:\/\/macronaturalsshop.com\/index.php?rest_route=%2Fwp%2Fv2%2Fmedia&parent=4110"}],"wp:term":[{"taxonomy":"product_brand","embeddable":true,"href":"https:\/\/macronaturalsshop.com\/index.php?rest_route=%2Fwp%2Fv2%2Fproduct_brand&post=4110"},{"taxonomy":"product_cat","embeddable":true,"href":"https:\/\/macronaturalsshop.com\/index.php?rest_route=%2Fwp%2Fv2%2Fproduct_cat&post=4110"},{"taxonomy":"product_tag","embeddable":true,"href":"https:\/\/macronaturalsshop.com\/index.php?rest_route=%2Fwp%2Fv2%2Fproduct_tag&post=4110"}],"curies":[{"name":"wp","href":"https:\/\/api.w.org\/{rel}","templated":true}]}}