{"id":4119,"date":"2025-09-14T02:20:12","date_gmt":"2025-09-14T02:20:12","guid":{"rendered":"https:\/\/macronaturalsshop.com\/?post_type=product&#038;p=4119"},"modified":"2025-09-15T00:12:53","modified_gmt":"2025-09-15T00:12:53","slug":"electrolitos-keto-60-caps","status":"publish","type":"product","link":"https:\/\/macronaturalsshop.com\/?product=electrolitos-keto-60-caps","title":{"rendered":"Electrolitos Keto"},"content":{"rendered":"<p>Los\u00a0electrolitos son los minerales que se encuentran en el cuerpo y son fundamentales para diversas funciones del organismo.Los electrolitos m\u00e1s relevantes dentro de la dieta Keto\u00a0 son el sodio,<a>\u00a0el potasio<\/a>, el magnesio, el cloruro y el calcio.<\/p>\n","protected":false},"excerpt":{"rendered":"<p>Son \u00fatiles en casos de deshidrataci\u00f3n intensa causada por diarrea aguda, v\u00f3mitos frecuentes o sudoraci\u00f3n excesiva.<br \/>\nAyudan a regular el funcionamiento de los nervios y de los m\u00fasculos<\/p>\n","protected":false},"featured_media":5429,"comment_status":"open","ping_status":"closed","template":"","meta":[],"product_brand":[463],"product_cat":[385,398],"product_tag":[502,500,561,501,520,503],"class_list":{"0":"post-4119","1":"product","2":"type-product","3":"status-publish","4":"has-post-thumbnail","6":"product_brand-drasanvi","7":"product_cat-deporte","8":"product_cat-vit-y-min","9":"product_tag-heredia","10":"product_tag-macrobiotica","11":"product_tag-musculos","12":"product_tag-natural","13":"product_tag-natural-shop","14":"product_tag-san-pablo","16":"first","17":"instock","18":"shipping-taxable","19":"purchasable","20":"product-type-simple"},"jetpack_sharing_enabled":true,"_links":{"self":[{"href":"https:\/\/macronaturalsshop.com\/index.php?rest_route=\/wp\/v2\/product\/4119"}],"collection":[{"href":"https:\/\/macronaturalsshop.com\/index.php?rest_route=\/wp\/v2\/product"}],"about":[{"href":"https:\/\/macronaturalsshop.com\/index.php?rest_route=\/wp\/v2\/types\/product"}],"replies":[{"embeddable":true,"href":"https:\/\/macronaturalsshop.com\/index.php?rest_route=%2Fwp%2Fv2%2Fcomments&post=4119"}],"wp:featuredmedia":[{"embeddable":true,"href":"https:\/\/macronaturalsshop.com\/index.php?rest_route=\/wp\/v2\/media\/5429"}],"wp:attachment":[{"href":"https:\/\/macronaturalsshop.com\/index.php?rest_route=%2Fwp%2Fv2%2Fmedia&parent=4119"}],"wp:term":[{"taxonomy":"product_brand","embeddable":true,"href":"https:\/\/macronaturalsshop.com\/index.php?rest_route=%2Fwp%2Fv2%2Fproduct_brand&post=4119"},{"taxonomy":"product_cat","embeddable":true,"href":"https:\/\/macronaturalsshop.com\/index.php?rest_route=%2Fwp%2Fv2%2Fproduct_cat&post=4119"},{"taxonomy":"product_tag","embeddable":true,"href":"https:\/\/macronaturalsshop.com\/index.php?rest_route=%2Fwp%2Fv2%2Fproduct_tag&post=4119"}],"curies":[{"name":"wp","href":"https:\/\/api.w.org\/{rel}","templated":true}]}}