{"id":4121,"date":"2025-09-14T02:30:24","date_gmt":"2025-09-14T02:30:24","guid":{"rendered":"https:\/\/macronaturalsshop.com\/?post_type=product&#038;p=4121"},"modified":"2025-09-15T00:17:57","modified_gmt":"2025-09-15T00:17:57","slug":"vnx-45cap","status":"publish","type":"product","link":"https:\/\/macronaturalsshop.com\/?product=vnx-45cap","title":{"rendered":"Venox"},"content":{"rendered":"<p>VNX c\u00e1psulas es un complemento alimenticio con una excelenteformulaci\u00f3n a base de extractos de Frutos Rojos (Vid Roja, Ar\u00e1ndanos yGrosellero negro) con plantas de gran uso tradicional como elHammamelis, Casta\u00f1o de Indias y Ruscus. Todo ello reforzado convitaminas A, C y E.<\/p>\n","protected":false},"excerpt":{"rendered":"<p>Reduce la inflamacion de las venas.<br \/>\nMejora la apariencia de las varices.<br \/>\nControla el adormecimiento de las piernas.<br \/>\nElimina moretones.<br \/>\nFunciona como analgesico y antiinflamatorio muscular.<\/p>\n<p>Dosis: tomar 1 capsula cada 12 horas.<\/p>\n","protected":false},"featured_media":5431,"comment_status":"open","ping_status":"closed","template":"","meta":[],"product_brand":[463],"product_cat":[430],"product_tag":[638,615,502,500,501,520,503],"class_list":{"0":"post-4121","1":"product","2":"type-product","3":"status-publish","4":"has-post-thumbnail","6":"product_brand-drasanvi","7":"product_cat-antinflamatorio-y-dolores","8":"product_tag-analgesico","9":"product_tag-antiinflamatorio","10":"product_tag-heredia","11":"product_tag-macrobiotica","12":"product_tag-natural","13":"product_tag-natural-shop","14":"product_tag-san-pablo","16":"first","17":"instock","18":"shipping-taxable","19":"purchasable","20":"product-type-simple"},"jetpack_sharing_enabled":true,"_links":{"self":[{"href":"https:\/\/macronaturalsshop.com\/index.php?rest_route=\/wp\/v2\/product\/4121"}],"collection":[{"href":"https:\/\/macronaturalsshop.com\/index.php?rest_route=\/wp\/v2\/product"}],"about":[{"href":"https:\/\/macronaturalsshop.com\/index.php?rest_route=\/wp\/v2\/types\/product"}],"replies":[{"embeddable":true,"href":"https:\/\/macronaturalsshop.com\/index.php?rest_route=%2Fwp%2Fv2%2Fcomments&post=4121"}],"wp:featuredmedia":[{"embeddable":true,"href":"https:\/\/macronaturalsshop.com\/index.php?rest_route=\/wp\/v2\/media\/5431"}],"wp:attachment":[{"href":"https:\/\/macronaturalsshop.com\/index.php?rest_route=%2Fwp%2Fv2%2Fmedia&parent=4121"}],"wp:term":[{"taxonomy":"product_brand","embeddable":true,"href":"https:\/\/macronaturalsshop.com\/index.php?rest_route=%2Fwp%2Fv2%2Fproduct_brand&post=4121"},{"taxonomy":"product_cat","embeddable":true,"href":"https:\/\/macronaturalsshop.com\/index.php?rest_route=%2Fwp%2Fv2%2Fproduct_cat&post=4121"},{"taxonomy":"product_tag","embeddable":true,"href":"https:\/\/macronaturalsshop.com\/index.php?rest_route=%2Fwp%2Fv2%2Fproduct_tag&post=4121"}],"curies":[{"name":"wp","href":"https:\/\/api.w.org\/{rel}","templated":true}]}}