{"id":4131,"date":"2025-08-15T03:01:15","date_gmt":"2025-08-15T03:01:15","guid":{"rendered":"https:\/\/macronaturalsshop.com\/?post_type=product&#038;p=4131"},"modified":"2025-08-15T19:55:01","modified_gmt":"2025-08-15T19:55:01","slug":"vinagre-de-manzana-b12-60cap","status":"publish","type":"product","link":"https:\/\/macronaturalsshop.com\/?product=vinagre-de-manzana-b12-60cap","title":{"rendered":"Vinagre De Manzana + B12"},"content":{"rendered":"<p>Rico en nutrientes esenciales que ayudan a mejorar la salud estomacal e intestinal. Mejora los procesos digestivos, contribuye a las digesti\u00f3n de las grasas, ayuda a disminuir gases y espasmos estomacales. Protege el sistema inmune y el coraz\u00f3n. Ayuda a estabilizar los niveles de az\u00facar en sangre. Sube los niveles de energ\u00eda y ayuda en el control de peso. Adem\u00e1s, es usado como adyuvante en el tratamiento de inflamaciones y para calmar el dolor en diferentes enfermedades y condiciones de tipo inflamatorias como la artritis y reumatismo.<\/p>\n","protected":false},"excerpt":{"rendered":"<p>Un excelente soporte para la perdida de peso, ayuda a reducir los niveles de colesterol y triglic\u00e9ridos.<\/p>\n","protected":false},"featured_media":4132,"comment_status":"open","ping_status":"closed","template":"","meta":[],"product_brand":[463],"product_cat":[395,388,396],"product_tag":[546,584,502,500,501,520,503,547],"class_list":{"0":"post-4131","1":"product","2":"type-product","3":"status-publish","4":"has-post-thumbnail","6":"product_brand-drasanvi","7":"product_cat-trigliceridos","8":"product_cat-control-de-peso","9":"product_cat-sistema-digestivo","10":"product_tag-colesterol","11":"product_tag-control-de-peso","12":"product_tag-heredia","13":"product_tag-macrobiotica","14":"product_tag-natural","15":"product_tag-natural-shop","16":"product_tag-san-pablo","17":"product_tag-trigliceridos","19":"first","20":"instock","21":"shipping-taxable","22":"purchasable","23":"product-type-simple"},"jetpack_sharing_enabled":true,"_links":{"self":[{"href":"https:\/\/macronaturalsshop.com\/index.php?rest_route=\/wp\/v2\/product\/4131"}],"collection":[{"href":"https:\/\/macronaturalsshop.com\/index.php?rest_route=\/wp\/v2\/product"}],"about":[{"href":"https:\/\/macronaturalsshop.com\/index.php?rest_route=\/wp\/v2\/types\/product"}],"replies":[{"embeddable":true,"href":"https:\/\/macronaturalsshop.com\/index.php?rest_route=%2Fwp%2Fv2%2Fcomments&post=4131"}],"wp:featuredmedia":[{"embeddable":true,"href":"https:\/\/macronaturalsshop.com\/index.php?rest_route=\/wp\/v2\/media\/4132"}],"wp:attachment":[{"href":"https:\/\/macronaturalsshop.com\/index.php?rest_route=%2Fwp%2Fv2%2Fmedia&parent=4131"}],"wp:term":[{"taxonomy":"product_brand","embeddable":true,"href":"https:\/\/macronaturalsshop.com\/index.php?rest_route=%2Fwp%2Fv2%2Fproduct_brand&post=4131"},{"taxonomy":"product_cat","embeddable":true,"href":"https:\/\/macronaturalsshop.com\/index.php?rest_route=%2Fwp%2Fv2%2Fproduct_cat&post=4131"},{"taxonomy":"product_tag","embeddable":true,"href":"https:\/\/macronaturalsshop.com\/index.php?rest_route=%2Fwp%2Fv2%2Fproduct_tag&post=4131"}],"curies":[{"name":"wp","href":"https:\/\/api.w.org\/{rel}","templated":true}]}}