{"id":4136,"date":"2025-07-20T14:35:25","date_gmt":"2025-07-20T14:35:25","guid":{"rendered":"https:\/\/macronaturalsshop.com\/?post_type=product&#038;p=4136"},"modified":"2025-07-23T01:12:01","modified_gmt":"2025-07-23T01:12:01","slug":"aceite-almendras-dulces-250-ml","status":"publish","type":"product","link":"https:\/\/macronaturalsshop.com\/?product=aceite-almendras-dulces-250-ml","title":{"rendered":"Aceite Almendras dulces 250 ml"},"content":{"rendered":"<p>El Aceite de Almendras Dulces contiene una gran cantidad de \u00e1cidos grasos insaturados, lo que lo convierte en un aceite, especialmente, nutritivo e hidratante, tanto para la piel como para el cabello.Sus propiedades emolientes permiten suavizar la piel, reducir las arrugas y estr\u00edas, as\u00ed como calmar irritaciones cut\u00e1neas o descamaciones. Esta indicado para todo tipo de pieles, incluso, para las m\u00e1s sensibles como la de los bebes.<\/p>\n","protected":false},"excerpt":{"rendered":"<p>Sus propiedades emolientes permiten suavizar la piel, reducir las arrugas y estr\u00edas, as\u00ed como calmar irritaciones cut\u00e1neas o descamaciones<\/p>\n","protected":false},"featured_media":4137,"comment_status":"open","ping_status":"closed","template":"","meta":[],"product_brand":[463],"product_cat":[374,408,411],"product_tag":[502,510,500,501,511,509,503],"class_list":{"0":"post-4136","1":"product","2":"type-product","3":"status-publish","4":"has-post-thumbnail","6":"product_brand-drasanvi","7":"product_cat-aceites-esenciales","8":"product_cat-cuidado-personal","9":"product_cat-ninos","10":"product_tag-heredia","11":"product_tag-irritacion","12":"product_tag-macrobiotica","13":"product_tag-natural","14":"product_tag-picason","15":"product_tag-piel","16":"product_tag-san-pablo","18":"first","19":"instock","20":"shipping-taxable","21":"purchasable","22":"product-type-simple"},"jetpack_sharing_enabled":true,"_links":{"self":[{"href":"https:\/\/macronaturalsshop.com\/index.php?rest_route=\/wp\/v2\/product\/4136"}],"collection":[{"href":"https:\/\/macronaturalsshop.com\/index.php?rest_route=\/wp\/v2\/product"}],"about":[{"href":"https:\/\/macronaturalsshop.com\/index.php?rest_route=\/wp\/v2\/types\/product"}],"replies":[{"embeddable":true,"href":"https:\/\/macronaturalsshop.com\/index.php?rest_route=%2Fwp%2Fv2%2Fcomments&post=4136"}],"wp:featuredmedia":[{"embeddable":true,"href":"https:\/\/macronaturalsshop.com\/index.php?rest_route=\/wp\/v2\/media\/4137"}],"wp:attachment":[{"href":"https:\/\/macronaturalsshop.com\/index.php?rest_route=%2Fwp%2Fv2%2Fmedia&parent=4136"}],"wp:term":[{"taxonomy":"product_brand","embeddable":true,"href":"https:\/\/macronaturalsshop.com\/index.php?rest_route=%2Fwp%2Fv2%2Fproduct_brand&post=4136"},{"taxonomy":"product_cat","embeddable":true,"href":"https:\/\/macronaturalsshop.com\/index.php?rest_route=%2Fwp%2Fv2%2Fproduct_cat&post=4136"},{"taxonomy":"product_tag","embeddable":true,"href":"https:\/\/macronaturalsshop.com\/index.php?rest_route=%2Fwp%2Fv2%2Fproduct_tag&post=4136"}],"curies":[{"name":"wp","href":"https:\/\/api.w.org\/{rel}","templated":true}]}}