{"id":4142,"date":"2025-09-14T03:05:31","date_gmt":"2025-09-14T03:05:31","guid":{"rendered":"https:\/\/macronaturalsshop.com\/?post_type=product&#038;p=4142"},"modified":"2025-09-15T00:31:45","modified_gmt":"2025-09-15T00:31:45","slug":"aceite-esencial-eucalipto-azul-10ml","status":"publish","type":"product","link":"https:\/\/macronaturalsshop.com\/?product=aceite-esencial-eucalipto-azul-10ml","title":{"rendered":"Aceite Esencial Eucalipto Azul Bio 10 ml Vitaroms"},"content":{"rendered":"<p>Los aceites esenciales de VITAROMS, cuentan con certificado BIO y, adem\u00e1s, reunen todos los requisistos de calidad para asegurarnos una acci\u00f3n segura y completa. Son:<\/p>\n<p>\u2013 100% naturales<\/p>\n<p>\u2013 100% puros<\/p>\n<p>\u2013 100% \u00edntegros<\/p>\n<p>\u2013 Bot\u00e1nicamente definidos<\/p>\n<p>\u2013 Bioqu\u00edmicamente definidos<\/p>\n","protected":false},"excerpt":{"rendered":"<p>Los aceites esenciales son extractos l\u00edquidos, muy complejos, y, concentrados, obtenidos por destilaci\u00f3n al vapor de las plantas arom\u00e1ticas.\u00a0En el caso de los c\u00edtricos, estos, son obtenidos por presi\u00f3n de la c\u00e1sacara y posterior separaci\u00f3n de fases, s\u00f3lo mediante procedimientos mec\u00e1nicos.<\/p>\n","protected":false},"featured_media":5437,"comment_status":"open","ping_status":"closed","template":"","meta":[],"product_brand":[463],"product_cat":[374],"product_tag":[642,502,501,520,503],"class_list":{"0":"post-4142","1":"product","2":"type-product","3":"status-publish","4":"has-post-thumbnail","6":"product_brand-drasanvi","7":"product_cat-aceites-esenciales","8":"product_tag-aceite-essencial","9":"product_tag-heredia","10":"product_tag-natural","11":"product_tag-natural-shop","12":"product_tag-san-pablo","14":"first","15":"instock","16":"shipping-taxable","17":"purchasable","18":"product-type-simple"},"jetpack_sharing_enabled":true,"_links":{"self":[{"href":"https:\/\/macronaturalsshop.com\/index.php?rest_route=\/wp\/v2\/product\/4142"}],"collection":[{"href":"https:\/\/macronaturalsshop.com\/index.php?rest_route=\/wp\/v2\/product"}],"about":[{"href":"https:\/\/macronaturalsshop.com\/index.php?rest_route=\/wp\/v2\/types\/product"}],"replies":[{"embeddable":true,"href":"https:\/\/macronaturalsshop.com\/index.php?rest_route=%2Fwp%2Fv2%2Fcomments&post=4142"}],"wp:featuredmedia":[{"embeddable":true,"href":"https:\/\/macronaturalsshop.com\/index.php?rest_route=\/wp\/v2\/media\/5437"}],"wp:attachment":[{"href":"https:\/\/macronaturalsshop.com\/index.php?rest_route=%2Fwp%2Fv2%2Fmedia&parent=4142"}],"wp:term":[{"taxonomy":"product_brand","embeddable":true,"href":"https:\/\/macronaturalsshop.com\/index.php?rest_route=%2Fwp%2Fv2%2Fproduct_brand&post=4142"},{"taxonomy":"product_cat","embeddable":true,"href":"https:\/\/macronaturalsshop.com\/index.php?rest_route=%2Fwp%2Fv2%2Fproduct_cat&post=4142"},{"taxonomy":"product_tag","embeddable":true,"href":"https:\/\/macronaturalsshop.com\/index.php?rest_route=%2Fwp%2Fv2%2Fproduct_tag&post=4142"}],"curies":[{"name":"wp","href":"https:\/\/api.w.org\/{rel}","templated":true}]}}