{"id":4147,"date":"2025-08-15T01:45:27","date_gmt":"2025-08-15T01:45:27","guid":{"rendered":"https:\/\/macronaturalsshop.com\/?post_type=product&#038;p=4147"},"modified":"2025-08-15T17:17:44","modified_gmt":"2025-08-15T17:17:44","slug":"triptofano-con-bicapa-60cap","status":"publish","type":"product","link":"https:\/\/macronaturalsshop.com\/?product=triptofano-con-bicapa-60cap","title":{"rendered":"Tript\u00f3fano Bicapa con Magnesio, Vit B6, Ashwagandha, Rhodiola y Azafr\u00e1n"},"content":{"rendered":"<p>El producto presenta de diferentes momentos de disgregaci\u00f3n, de modo que sus ingredientes sean liberados a medida de que se necesiten. La capa lenta presenta ingredientes como el Azafr\u00e1n, la Rhodiola y la Ashawanda que se van liberando poco a poco para que su acci\u00f3n dure todo el d\u00eda. La capa r\u00e1pida presenta tript\u00f3fano y magnesio.<\/p>\n","protected":false},"excerpt":{"rendered":"<p>DRASANVI Tript\u00f3fano Bicapa ayuda para la Ansiedad, Cansancio e Insomnio.<\/p>\n","protected":false},"featured_media":5005,"comment_status":"open","ping_status":"closed","template":"","meta":[],"product_brand":[463],"product_cat":[407,393],"product_tag":[532,502,533,500,501,520,503,574],"class_list":{"0":"post-4147","1":"product","2":"type-product","3":"status-publish","4":"has-post-thumbnail","6":"product_brand-drasanvi","7":"product_cat-sueno","8":"product_cat-energia","9":"product_tag-ansiedad","10":"product_tag-heredia","11":"product_tag-insomnio","12":"product_tag-macrobiotica","13":"product_tag-natural","14":"product_tag-natural-shop","15":"product_tag-san-pablo","16":"product_tag-sueno","18":"first","19":"instock","20":"shipping-taxable","21":"purchasable","22":"product-type-simple"},"jetpack_sharing_enabled":true,"_links":{"self":[{"href":"https:\/\/macronaturalsshop.com\/index.php?rest_route=\/wp\/v2\/product\/4147"}],"collection":[{"href":"https:\/\/macronaturalsshop.com\/index.php?rest_route=\/wp\/v2\/product"}],"about":[{"href":"https:\/\/macronaturalsshop.com\/index.php?rest_route=\/wp\/v2\/types\/product"}],"replies":[{"embeddable":true,"href":"https:\/\/macronaturalsshop.com\/index.php?rest_route=%2Fwp%2Fv2%2Fcomments&post=4147"}],"wp:featuredmedia":[{"embeddable":true,"href":"https:\/\/macronaturalsshop.com\/index.php?rest_route=\/wp\/v2\/media\/5005"}],"wp:attachment":[{"href":"https:\/\/macronaturalsshop.com\/index.php?rest_route=%2Fwp%2Fv2%2Fmedia&parent=4147"}],"wp:term":[{"taxonomy":"product_brand","embeddable":true,"href":"https:\/\/macronaturalsshop.com\/index.php?rest_route=%2Fwp%2Fv2%2Fproduct_brand&post=4147"},{"taxonomy":"product_cat","embeddable":true,"href":"https:\/\/macronaturalsshop.com\/index.php?rest_route=%2Fwp%2Fv2%2Fproduct_cat&post=4147"},{"taxonomy":"product_tag","embeddable":true,"href":"https:\/\/macronaturalsshop.com\/index.php?rest_route=%2Fwp%2Fv2%2Fproduct_tag&post=4147"}],"curies":[{"name":"wp","href":"https:\/\/api.w.org\/{rel}","templated":true}]}}