{"id":4149,"date":"2025-09-14T05:00:50","date_gmt":"2025-09-14T05:00:50","guid":{"rendered":"https:\/\/macronaturalsshop.com\/?post_type=product&#038;p=4149"},"modified":"2025-09-15T00:40:43","modified_gmt":"2025-09-15T00:40:43","slug":"bisglicinato-de-zinc-90-comp","status":"publish","type":"product","link":"https:\/\/macronaturalsshop.com\/?product=bisglicinato-de-zinc-90-comp","title":{"rendered":"Mineral Bisglicinato de Zinc"},"content":{"rendered":"<p>El Zinc es un mineral esencial para la vida y relacionado con numerosas funciones en el organismo, desde la funci\u00f3n cognitiva hasta el mantenimiento de la visi\u00f3n normal.No obstante hay que elegir una fuente de Zinc con alta biodisponibilidad, por esa raz\u00f3n decidimos a\u00f1adir el Zinc en forma de Bisglicinato, el cual se ha demostrado que se absorbe un 43% m\u00e1s que otras fuentes de zinc m\u00e1s utilizadas como el gluconato.<\/p>\n","protected":false},"excerpt":{"rendered":"<p>El Bisglicinato Mineral de Zinc es un suplemento alimentario que colabora con la salud \u00f3sea, favorece la funci\u00f3n cognitiva y contribuye al buen desarrollo de la visi\u00f3n, del cabello, las u\u00f1as y la piel en condiciones normales.<\/p>\n","protected":false},"featured_media":5440,"comment_status":"open","ping_status":"closed","template":"","meta":[],"product_brand":[463],"product_cat":[398],"product_tag":[582,502,500,501,520,509,503,551],"class_list":{"0":"post-4149","1":"product","2":"type-product","3":"status-publish","4":"has-post-thumbnail","6":"product_brand-drasanvi","7":"product_cat-vit-y-min","8":"product_tag-cabello","9":"product_tag-heredia","10":"product_tag-macrobiotica","11":"product_tag-natural","12":"product_tag-natural-shop","13":"product_tag-piel","14":"product_tag-san-pablo","15":"product_tag-vista","17":"first","18":"instock","19":"shipping-taxable","20":"purchasable","21":"product-type-simple"},"jetpack_sharing_enabled":true,"_links":{"self":[{"href":"https:\/\/macronaturalsshop.com\/index.php?rest_route=\/wp\/v2\/product\/4149"}],"collection":[{"href":"https:\/\/macronaturalsshop.com\/index.php?rest_route=\/wp\/v2\/product"}],"about":[{"href":"https:\/\/macronaturalsshop.com\/index.php?rest_route=\/wp\/v2\/types\/product"}],"replies":[{"embeddable":true,"href":"https:\/\/macronaturalsshop.com\/index.php?rest_route=%2Fwp%2Fv2%2Fcomments&post=4149"}],"wp:featuredmedia":[{"embeddable":true,"href":"https:\/\/macronaturalsshop.com\/index.php?rest_route=\/wp\/v2\/media\/5440"}],"wp:attachment":[{"href":"https:\/\/macronaturalsshop.com\/index.php?rest_route=%2Fwp%2Fv2%2Fmedia&parent=4149"}],"wp:term":[{"taxonomy":"product_brand","embeddable":true,"href":"https:\/\/macronaturalsshop.com\/index.php?rest_route=%2Fwp%2Fv2%2Fproduct_brand&post=4149"},{"taxonomy":"product_cat","embeddable":true,"href":"https:\/\/macronaturalsshop.com\/index.php?rest_route=%2Fwp%2Fv2%2Fproduct_cat&post=4149"},{"taxonomy":"product_tag","embeddable":true,"href":"https:\/\/macronaturalsshop.com\/index.php?rest_route=%2Fwp%2Fv2%2Fproduct_tag&post=4149"}],"curies":[{"name":"wp","href":"https:\/\/api.w.org\/{rel}","templated":true}]}}