{"id":4151,"date":"2025-09-14T05:00:21","date_gmt":"2025-09-14T05:00:21","guid":{"rendered":"https:\/\/macronaturalsshop.com\/?post_type=product&#038;p=4151"},"modified":"2025-09-15T00:46:53","modified_gmt":"2025-09-15T00:46:53","slug":"bisglicinato-magnesio-60-caps","status":"publish","type":"product","link":"https:\/\/macronaturalsshop.com\/?product=bisglicinato-magnesio-60-caps","title":{"rendered":"Mineral Bisglicinato de Magnesio"},"content":{"rendered":"<p>Mejora la digesti\u00f3n al regular la motilidad intestinal y la producci\u00f3n de \u00e1cido g\u00e1strico. Reduce la fatiga muscular, previene calambres y ayuda a la recuperaci\u00f3n tras el ejercicio.<\/p>\n<p>Ideal para personas con molestias g\u00e1stricas gracias a su alta tolerancia.<\/p>\n","protected":false},"excerpt":{"rendered":"<p>El bisglicinato de magnesio 60 comprimidos de Drasanvi es una forma de magnesio altamente biodisponible y tolerable que ofrece beneficios para la salud digestiva y muscular.<\/p>\n","protected":false},"featured_media":5442,"comment_status":"open","ping_status":"closed","template":"","meta":[],"product_brand":[463],"product_cat":[386,398],"product_tag":[541,502,500,561,501,520,503],"class_list":{"0":"post-4151","1":"product","2":"type-product","3":"status-publish","4":"has-post-thumbnail","6":"product_brand-drasanvi","7":"product_cat-magnesio","8":"product_cat-vit-y-min","9":"product_tag-digestion","10":"product_tag-heredia","11":"product_tag-macrobiotica","12":"product_tag-musculos","13":"product_tag-natural","14":"product_tag-natural-shop","15":"product_tag-san-pablo","17":"first","18":"instock","19":"shipping-taxable","20":"purchasable","21":"product-type-simple"},"jetpack_sharing_enabled":true,"_links":{"self":[{"href":"https:\/\/macronaturalsshop.com\/index.php?rest_route=\/wp\/v2\/product\/4151"}],"collection":[{"href":"https:\/\/macronaturalsshop.com\/index.php?rest_route=\/wp\/v2\/product"}],"about":[{"href":"https:\/\/macronaturalsshop.com\/index.php?rest_route=\/wp\/v2\/types\/product"}],"replies":[{"embeddable":true,"href":"https:\/\/macronaturalsshop.com\/index.php?rest_route=%2Fwp%2Fv2%2Fcomments&post=4151"}],"wp:featuredmedia":[{"embeddable":true,"href":"https:\/\/macronaturalsshop.com\/index.php?rest_route=\/wp\/v2\/media\/5442"}],"wp:attachment":[{"href":"https:\/\/macronaturalsshop.com\/index.php?rest_route=%2Fwp%2Fv2%2Fmedia&parent=4151"}],"wp:term":[{"taxonomy":"product_brand","embeddable":true,"href":"https:\/\/macronaturalsshop.com\/index.php?rest_route=%2Fwp%2Fv2%2Fproduct_brand&post=4151"},{"taxonomy":"product_cat","embeddable":true,"href":"https:\/\/macronaturalsshop.com\/index.php?rest_route=%2Fwp%2Fv2%2Fproduct_cat&post=4151"},{"taxonomy":"product_tag","embeddable":true,"href":"https:\/\/macronaturalsshop.com\/index.php?rest_route=%2Fwp%2Fv2%2Fproduct_tag&post=4151"}],"curies":[{"name":"wp","href":"https:\/\/api.w.org\/{rel}","templated":true}]}}