{"id":4155,"date":"2025-09-14T05:10:09","date_gmt":"2025-09-14T05:10:09","guid":{"rendered":"https:\/\/macronaturalsshop.com\/?post_type=product&#038;p=4155"},"modified":"2025-09-15T00:53:36","modified_gmt":"2025-09-15T00:53:36","slug":"cbd-cremigel-cannabis-75ml","status":"publish","type":"product","link":"https:\/\/macronaturalsshop.com\/?product=cbd-cremigel-cannabis-75ml","title":{"rendered":"Cremigel Cannabis CBD 75 ml"},"content":{"rendered":"<p>Nuestro cremigel corporal con CBD est\u00e1 formulado con mentol, alcanfor y vanilil, una combinaci\u00f3n de ingredientes que proporcionan una sensaci\u00f3n de bienestar y alivio. No deja sensaci\u00f3n grasa en la piel, gracias a su agradable textura.<\/p>\n","protected":false},"excerpt":{"rendered":"<p>Nuestro cremigel corporal con CBD est\u00e1 formulado con mentol, alcanfor y vanilil, una combinaci\u00f3n de ingredientes que proporcionan una sensaci\u00f3n de bienestar y alivio. No deja sensaci\u00f3n grasa en la piel, gracias a su agradable textura.<\/p>\n","protected":false},"featured_media":4156,"comment_status":"open","ping_status":"closed","template":"","meta":[],"product_brand":[463],"product_cat":[419,408],"product_tag":[640,502,500,501,520,509,503],"class_list":{"0":"post-4155","1":"product","2":"type-product","3":"status-publish","4":"has-post-thumbnail","6":"product_brand-drasanvi","7":"product_cat-cbd","8":"product_cat-cuidado-personal","9":"product_tag-cbd","10":"product_tag-heredia","11":"product_tag-macrobiotica","12":"product_tag-natural","13":"product_tag-natural-shop","14":"product_tag-piel","15":"product_tag-san-pablo","17":"first","18":"instock","19":"shipping-taxable","20":"purchasable","21":"product-type-simple"},"jetpack_sharing_enabled":true,"_links":{"self":[{"href":"https:\/\/macronaturalsshop.com\/index.php?rest_route=\/wp\/v2\/product\/4155"}],"collection":[{"href":"https:\/\/macronaturalsshop.com\/index.php?rest_route=\/wp\/v2\/product"}],"about":[{"href":"https:\/\/macronaturalsshop.com\/index.php?rest_route=\/wp\/v2\/types\/product"}],"replies":[{"embeddable":true,"href":"https:\/\/macronaturalsshop.com\/index.php?rest_route=%2Fwp%2Fv2%2Fcomments&post=4155"}],"wp:featuredmedia":[{"embeddable":true,"href":"https:\/\/macronaturalsshop.com\/index.php?rest_route=\/wp\/v2\/media\/4156"}],"wp:attachment":[{"href":"https:\/\/macronaturalsshop.com\/index.php?rest_route=%2Fwp%2Fv2%2Fmedia&parent=4155"}],"wp:term":[{"taxonomy":"product_brand","embeddable":true,"href":"https:\/\/macronaturalsshop.com\/index.php?rest_route=%2Fwp%2Fv2%2Fproduct_brand&post=4155"},{"taxonomy":"product_cat","embeddable":true,"href":"https:\/\/macronaturalsshop.com\/index.php?rest_route=%2Fwp%2Fv2%2Fproduct_cat&post=4155"},{"taxonomy":"product_tag","embeddable":true,"href":"https:\/\/macronaturalsshop.com\/index.php?rest_route=%2Fwp%2Fv2%2Fproduct_tag&post=4155"}],"curies":[{"name":"wp","href":"https:\/\/api.w.org\/{rel}","templated":true}]}}