{"id":4157,"date":"2025-09-14T05:20:50","date_gmt":"2025-09-14T05:20:50","guid":{"rendered":"https:\/\/macronaturalsshop.com\/?post_type=product&#038;p=4157"},"modified":"2025-09-15T00:59:13","modified_gmt":"2025-09-15T00:59:13","slug":"champu-solido-cabello-graso-purificante","status":"publish","type":"product","link":"https:\/\/macronaturalsshop.com\/?product=champu-solido-cabello-graso-purificante","title":{"rendered":"Champ\u00fa S\u00f3lido Cabello Graso Purificante 80 g"},"content":{"rendered":"<p>Los champus s\u00f3lidos han venido para quedarse. Por ello, hemos puesto todo el mimo en su formulacion: ingredientes 100% naturales y respetuosos con el cabello y el medioambiente.<br \/>\nMoja muy bien tu cabello. Desliza la pastilla del champ\u00fa por el cuero cabelludo, en sentido del crecimiento. Masajea suavemente. Aclarar con abundante agua. Reptir el proceso<\/p>\n","protected":false},"excerpt":{"rendered":"<p>Con su efecto purificante, ayuda a mejorar la apariencia del cabello graso, limpia a profundidad cada hebra capilar, promueve en crecimiento y ayuda mantener la hidratacion natural del cabello, por sus componentes 100% naturales, favorece la limpieza del cuero cabelludo y previene la caida<\/p>\n","protected":false},"featured_media":4158,"comment_status":"open","ping_status":"closed","template":"","meta":[],"product_brand":[463],"product_cat":[408],"product_tag":[582,502,500,501,520,503],"class_list":{"0":"post-4157","1":"product","2":"type-product","3":"status-publish","4":"has-post-thumbnail","6":"product_brand-drasanvi","7":"product_cat-cuidado-personal","8":"product_tag-cabello","9":"product_tag-heredia","10":"product_tag-macrobiotica","11":"product_tag-natural","12":"product_tag-natural-shop","13":"product_tag-san-pablo","15":"first","16":"instock","17":"shipping-taxable","18":"purchasable","19":"product-type-simple"},"jetpack_sharing_enabled":true,"_links":{"self":[{"href":"https:\/\/macronaturalsshop.com\/index.php?rest_route=\/wp\/v2\/product\/4157"}],"collection":[{"href":"https:\/\/macronaturalsshop.com\/index.php?rest_route=\/wp\/v2\/product"}],"about":[{"href":"https:\/\/macronaturalsshop.com\/index.php?rest_route=\/wp\/v2\/types\/product"}],"replies":[{"embeddable":true,"href":"https:\/\/macronaturalsshop.com\/index.php?rest_route=%2Fwp%2Fv2%2Fcomments&post=4157"}],"wp:featuredmedia":[{"embeddable":true,"href":"https:\/\/macronaturalsshop.com\/index.php?rest_route=\/wp\/v2\/media\/4158"}],"wp:attachment":[{"href":"https:\/\/macronaturalsshop.com\/index.php?rest_route=%2Fwp%2Fv2%2Fmedia&parent=4157"}],"wp:term":[{"taxonomy":"product_brand","embeddable":true,"href":"https:\/\/macronaturalsshop.com\/index.php?rest_route=%2Fwp%2Fv2%2Fproduct_brand&post=4157"},{"taxonomy":"product_cat","embeddable":true,"href":"https:\/\/macronaturalsshop.com\/index.php?rest_route=%2Fwp%2Fv2%2Fproduct_cat&post=4157"},{"taxonomy":"product_tag","embeddable":true,"href":"https:\/\/macronaturalsshop.com\/index.php?rest_route=%2Fwp%2Fv2%2Fproduct_tag&post=4157"}],"curies":[{"name":"wp","href":"https:\/\/api.w.org\/{rel}","templated":true}]}}