{"id":4173,"date":"2025-08-23T02:40:06","date_gmt":"2025-08-23T02:40:06","guid":{"rendered":"https:\/\/macronaturalsshop.com\/?post_type=product&#038;p=4173"},"modified":"2025-08-23T23:15:41","modified_gmt":"2025-08-23T23:15:41","slug":"collmar-magnesio-acido-hial-300g-2","status":"publish","type":"product","link":"https:\/\/macronaturalsshop.com\/?product=collmar-magnesio-acido-hial-300g-2","title":{"rendered":"Collmar Col\u00e1geno Marino Hidrolizado + Magnesio + Acido Hialur\u00f3nico 300g"},"content":{"rendered":"<p>Collmar por su contenido en Vitamina C contribuye a la formaci\u00f3n normal de Col\u00e1geno para el\u00a0<strong>funcionamiento normal de cart\u00edlagos, huesos y piel<\/strong>.<\/p>\n","protected":false},"excerpt":{"rendered":"<p>Contribuye al funcionamiento normal de cart\u00edlagos, huesos y piel.<\/p>\n","protected":false},"featured_media":4176,"comment_status":"open","ping_status":"closed","template":"","meta":[],"product_brand":[463],"product_cat":[380,389],"product_tag":[571,524,502,563,500,501,520,503],"class_list":{"0":"post-4173","1":"product","2":"type-product","3":"status-publish","4":"has-post-thumbnail","6":"product_brand-drasanvi","7":"product_cat-articulaciones","8":"product_cat-colageno","9":"product_tag-cartilagos","10":"product_tag-cuidado-de-piel","11":"product_tag-heredia","12":"product_tag-huesos","13":"product_tag-macrobiotica","14":"product_tag-natural","15":"product_tag-natural-shop","16":"product_tag-san-pablo","18":"first","19":"instock","20":"shipping-taxable","21":"purchasable","22":"product-type-simple"},"jetpack_sharing_enabled":true,"_links":{"self":[{"href":"https:\/\/macronaturalsshop.com\/index.php?rest_route=\/wp\/v2\/product\/4173"}],"collection":[{"href":"https:\/\/macronaturalsshop.com\/index.php?rest_route=\/wp\/v2\/product"}],"about":[{"href":"https:\/\/macronaturalsshop.com\/index.php?rest_route=\/wp\/v2\/types\/product"}],"replies":[{"embeddable":true,"href":"https:\/\/macronaturalsshop.com\/index.php?rest_route=%2Fwp%2Fv2%2Fcomments&post=4173"}],"wp:featuredmedia":[{"embeddable":true,"href":"https:\/\/macronaturalsshop.com\/index.php?rest_route=\/wp\/v2\/media\/4176"}],"wp:attachment":[{"href":"https:\/\/macronaturalsshop.com\/index.php?rest_route=%2Fwp%2Fv2%2Fmedia&parent=4173"}],"wp:term":[{"taxonomy":"product_brand","embeddable":true,"href":"https:\/\/macronaturalsshop.com\/index.php?rest_route=%2Fwp%2Fv2%2Fproduct_brand&post=4173"},{"taxonomy":"product_cat","embeddable":true,"href":"https:\/\/macronaturalsshop.com\/index.php?rest_route=%2Fwp%2Fv2%2Fproduct_cat&post=4173"},{"taxonomy":"product_tag","embeddable":true,"href":"https:\/\/macronaturalsshop.com\/index.php?rest_route=%2Fwp%2Fv2%2Fproduct_tag&post=4173"}],"curies":[{"name":"wp","href":"https:\/\/api.w.org\/{rel}","templated":true}]}}