{"id":4181,"date":"2025-08-13T08:00:00","date_gmt":"2025-08-13T08:00:00","guid":{"rendered":"https:\/\/macronaturalsshop.com\/?post_type=product&#038;p=4181"},"modified":"2025-08-29T14:22:46","modified_gmt":"2025-08-29T14:22:46","slug":"creatina-300g","status":"publish","type":"product","link":"https:\/\/macronaturalsshop.com\/?product=creatina-300g","title":{"rendered":"Creatina Creapure 300 g Sport Live"},"content":{"rendered":"<p>Esta sustancia es segregada al torrente sangu\u00edneo y distribuida a las diferentes c\u00e9lulas del organismo.Por sus funciones en el organismo, la Creatina es uno de los complementos m\u00e1s utilizados en deportistas. De hecho, est\u00e1 demostrado que el consumo de 3 gramos de Creatina mejora el rendimiento f\u00edsico en series sucesivas de ejercicios breves de alta intensidad.Sin embargo, el tipo de Creatina utilizado es de vital importancia para obtener los resultados esperados. Drasanvi, en busca de la m\u00e1xima calidad, ha seleccionado para su l\u00ednea Sport Live Creatina de la marca Creapure\u00ae, libre de impurezas y con el aval de rigurosos estudios anal\u00edticos.<\/p>\n","protected":false},"excerpt":{"rendered":"<p>La Creatina es una sustancia producida por nuestro cuerpo (principalmente, en h\u00edgado, ri\u00f1ones y p\u00e1ncreas) a partir de tres amino\u00e1cidos: Glicina, Arginina y Metionina.<\/p>\n","protected":false},"featured_media":4991,"comment_status":"open","ping_status":"closed","template":"","meta":[],"product_brand":[463],"product_cat":[385],"product_tag":[566,502,500,501,520,503],"class_list":{"0":"post-4181","1":"product","2":"type-product","3":"status-publish","4":"has-post-thumbnail","6":"product_brand-drasanvi","7":"product_cat-deporte","8":"product_tag-deporte","9":"product_tag-heredia","10":"product_tag-macrobiotica","11":"product_tag-natural","12":"product_tag-natural-shop","13":"product_tag-san-pablo","15":"first","16":"instock","17":"shipping-taxable","18":"purchasable","19":"product-type-simple"},"jetpack_sharing_enabled":true,"_links":{"self":[{"href":"https:\/\/macronaturalsshop.com\/index.php?rest_route=\/wp\/v2\/product\/4181"}],"collection":[{"href":"https:\/\/macronaturalsshop.com\/index.php?rest_route=\/wp\/v2\/product"}],"about":[{"href":"https:\/\/macronaturalsshop.com\/index.php?rest_route=\/wp\/v2\/types\/product"}],"replies":[{"embeddable":true,"href":"https:\/\/macronaturalsshop.com\/index.php?rest_route=%2Fwp%2Fv2%2Fcomments&post=4181"}],"wp:featuredmedia":[{"embeddable":true,"href":"https:\/\/macronaturalsshop.com\/index.php?rest_route=\/wp\/v2\/media\/4991"}],"wp:attachment":[{"href":"https:\/\/macronaturalsshop.com\/index.php?rest_route=%2Fwp%2Fv2%2Fmedia&parent=4181"}],"wp:term":[{"taxonomy":"product_brand","embeddable":true,"href":"https:\/\/macronaturalsshop.com\/index.php?rest_route=%2Fwp%2Fv2%2Fproduct_brand&post=4181"},{"taxonomy":"product_cat","embeddable":true,"href":"https:\/\/macronaturalsshop.com\/index.php?rest_route=%2Fwp%2Fv2%2Fproduct_cat&post=4181"},{"taxonomy":"product_tag","embeddable":true,"href":"https:\/\/macronaturalsshop.com\/index.php?rest_route=%2Fwp%2Fv2%2Fproduct_tag&post=4181"}],"curies":[{"name":"wp","href":"https:\/\/api.w.org\/{rel}","templated":true}]}}