{"id":4184,"date":"2025-09-14T06:00:36","date_gmt":"2025-09-14T06:00:36","guid":{"rendered":"https:\/\/macronaturalsshop.com\/?post_type=product&#038;p=4184"},"modified":"2025-09-15T02:41:44","modified_gmt":"2025-09-15T02:41:44","slug":"energy-shot-60ml","status":"publish","type":"product","link":"https:\/\/macronaturalsshop.com\/?product=energy-shot-60ml","title":{"rendered":"Energy Shot Sabor lim\u00f3n 60 ml"},"content":{"rendered":"<p>Experimenta el poderoso tr\u00edo energ\u00e9tico de Taurina, Colina y Cafe\u00edna en cada envase de Drasanvi Energy Shot. Este din\u00e1mico tr\u00edo supera a las bebidas energ\u00e9ticas convencionales, garantizando un rendimiento f\u00edsico y mental \u00f3ptimo durante 5 horas.\u00a0Mejora la concentraci\u00f3n, resistencia y potencia tu memoria y aprendizaje.<\/p>\n","protected":false},"excerpt":{"rendered":"<p>Apoya el rendimiento f\u00edsico y mental.<\/p>\n<ul>\n<li>Reduce la fatiga mental<\/li>\n<li>Ayuda contra el cansancio, el estr\u00e9s y la convalecencia<\/li>\n<\/ul>\n","protected":false},"featured_media":4185,"comment_status":"open","ping_status":"closed","template":"","meta":[],"product_brand":[463],"product_cat":[393],"product_tag":[507,560,502,500,501,520,503],"class_list":{"0":"post-4184","1":"product","2":"type-product","3":"status-publish","4":"has-post-thumbnail","6":"product_brand-drasanvi","7":"product_cat-energia","8":"product_tag-concentracion","9":"product_tag-energia","10":"product_tag-heredia","11":"product_tag-macrobiotica","12":"product_tag-natural","13":"product_tag-natural-shop","14":"product_tag-san-pablo","16":"first","17":"instock","18":"shipping-taxable","19":"purchasable","20":"product-type-simple"},"jetpack_sharing_enabled":true,"_links":{"self":[{"href":"https:\/\/macronaturalsshop.com\/index.php?rest_route=\/wp\/v2\/product\/4184"}],"collection":[{"href":"https:\/\/macronaturalsshop.com\/index.php?rest_route=\/wp\/v2\/product"}],"about":[{"href":"https:\/\/macronaturalsshop.com\/index.php?rest_route=\/wp\/v2\/types\/product"}],"replies":[{"embeddable":true,"href":"https:\/\/macronaturalsshop.com\/index.php?rest_route=%2Fwp%2Fv2%2Fcomments&post=4184"}],"wp:featuredmedia":[{"embeddable":true,"href":"https:\/\/macronaturalsshop.com\/index.php?rest_route=\/wp\/v2\/media\/4185"}],"wp:attachment":[{"href":"https:\/\/macronaturalsshop.com\/index.php?rest_route=%2Fwp%2Fv2%2Fmedia&parent=4184"}],"wp:term":[{"taxonomy":"product_brand","embeddable":true,"href":"https:\/\/macronaturalsshop.com\/index.php?rest_route=%2Fwp%2Fv2%2Fproduct_brand&post=4184"},{"taxonomy":"product_cat","embeddable":true,"href":"https:\/\/macronaturalsshop.com\/index.php?rest_route=%2Fwp%2Fv2%2Fproduct_cat&post=4184"},{"taxonomy":"product_tag","embeddable":true,"href":"https:\/\/macronaturalsshop.com\/index.php?rest_route=%2Fwp%2Fv2%2Fproduct_tag&post=4184"}],"curies":[{"name":"wp","href":"https:\/\/api.w.org\/{rel}","templated":true}]}}