{"id":4200,"date":"2025-09-14T06:01:27","date_gmt":"2025-09-14T06:01:27","guid":{"rendered":"https:\/\/macronaturalsshop.com\/?post_type=product&#038;p=4200"},"modified":"2025-09-15T02:50:32","modified_gmt":"2025-09-15T02:50:32","slug":"magnesio-complex-60-caps","status":"publish","type":"product","link":"https:\/\/macronaturalsshop.com\/?product=magnesio-complex-60-caps","title":{"rendered":"Mineral Magnesio Complex"},"content":{"rendered":"<p>El poder y el efecto del magnesio, ya es conocido por todo el mundo. Tambien es conocida el problema de la alimentacion\u00a0 y la baja asimilacion de muchos de los minerales por el organismo.<\/p>\n<p>Conocedores de la deficiencia del magnesio, as\u00ed como de los beneficios del mismo para el organismo, hemos desarrollado Magnesio Complex, un producto que une las tres fuentes de magnesio m\u00e1s improtantes: Bisglicinato de magnesio, citrato de magnesio y Magnesio de origen marino. Distintas fuentes, distintas v\u00edas de asimilacion, para asegurarnos la m\u00e1xima eficacia del producto.<\/p>\n","protected":false},"excerpt":{"rendered":"<p>Contiene Bisglicinato de magnesio,citrato de magnesio y magnesio origen marino.<br \/>\nAyuda contra la fatiga.<br \/>\nMantiene un estado normal de los huesos y m\u00fasculos.<br \/>\nAyuda a relajar.<\/p>\n","protected":false},"featured_media":5456,"comment_status":"open","ping_status":"closed","template":"","meta":[],"product_brand":[463],"product_cat":[386],"product_tag":[613,502,563,561,501,520,503],"class_list":{"0":"post-4200","1":"product","2":"type-product","3":"status-publish","4":"has-post-thumbnail","6":"product_brand-drasanvi","7":"product_cat-magnesio","8":"product_tag-fatiga","9":"product_tag-heredia","10":"product_tag-huesos","11":"product_tag-musculos","12":"product_tag-natural","13":"product_tag-natural-shop","14":"product_tag-san-pablo","16":"first","17":"instock","18":"shipping-taxable","19":"purchasable","20":"product-type-simple"},"jetpack_sharing_enabled":true,"_links":{"self":[{"href":"https:\/\/macronaturalsshop.com\/index.php?rest_route=\/wp\/v2\/product\/4200"}],"collection":[{"href":"https:\/\/macronaturalsshop.com\/index.php?rest_route=\/wp\/v2\/product"}],"about":[{"href":"https:\/\/macronaturalsshop.com\/index.php?rest_route=\/wp\/v2\/types\/product"}],"replies":[{"embeddable":true,"href":"https:\/\/macronaturalsshop.com\/index.php?rest_route=%2Fwp%2Fv2%2Fcomments&post=4200"}],"wp:featuredmedia":[{"embeddable":true,"href":"https:\/\/macronaturalsshop.com\/index.php?rest_route=\/wp\/v2\/media\/5456"}],"wp:attachment":[{"href":"https:\/\/macronaturalsshop.com\/index.php?rest_route=%2Fwp%2Fv2%2Fmedia&parent=4200"}],"wp:term":[{"taxonomy":"product_brand","embeddable":true,"href":"https:\/\/macronaturalsshop.com\/index.php?rest_route=%2Fwp%2Fv2%2Fproduct_brand&post=4200"},{"taxonomy":"product_cat","embeddable":true,"href":"https:\/\/macronaturalsshop.com\/index.php?rest_route=%2Fwp%2Fv2%2Fproduct_cat&post=4200"},{"taxonomy":"product_tag","embeddable":true,"href":"https:\/\/macronaturalsshop.com\/index.php?rest_route=%2Fwp%2Fv2%2Fproduct_tag&post=4200"}],"curies":[{"name":"wp","href":"https:\/\/api.w.org\/{rel}","templated":true}]}}