{"id":4207,"date":"2025-09-14T06:10:52","date_gmt":"2025-09-14T06:10:52","guid":{"rendered":"https:\/\/macronaturalsshop.com\/?post_type=product&#038;p=4207"},"modified":"2025-09-15T03:07:33","modified_gmt":"2025-09-15T03:07:33","slug":"oseogen-72cap","status":"publish","type":"product","link":"https:\/\/macronaturalsshop.com\/?product=oseogen-72cap","title":{"rendered":"Oseogen Alimento Articular"},"content":{"rendered":"<p>Contribuye a la formaci\u00f3n de col\u00e1geno para el funcionamiento normal de cart\u00edlagos y huesos. Oseogen articular es un complemento alimenticio \u00fanico que incorpora en su composici\u00f3n nutrientes como el col\u00e1geno marino, el cart\u00edlago de tibur\u00f3n, la condroitina y el sulfato de glucosamina. Adem\u00e1s de la alta concentraci\u00f3n de los nutrientes ya se\u00f1alados, cabe destacar la presencia de 8 Vitaminas (7 de ellas aportan un 100% de cantidad diaria recomendada) y de minerales esenciales.<\/p>\n","protected":false},"excerpt":{"rendered":"<p>Funcionamiento normal de cartilagos y huesos.<\/p>\n","protected":false},"featured_media":5462,"comment_status":"open","ping_status":"closed","template":"","meta":[],"product_brand":[463],"product_cat":[430,380],"product_tag":[571,502,563,500,501,520,503],"class_list":{"0":"post-4207","1":"product","2":"type-product","3":"status-publish","4":"has-post-thumbnail","6":"product_brand-drasanvi","7":"product_cat-antinflamatorio-y-dolores","8":"product_cat-articulaciones","9":"product_tag-cartilagos","10":"product_tag-heredia","11":"product_tag-huesos","12":"product_tag-macrobiotica","13":"product_tag-natural","14":"product_tag-natural-shop","15":"product_tag-san-pablo","17":"first","18":"instock","19":"shipping-taxable","20":"purchasable","21":"product-type-simple"},"jetpack_sharing_enabled":true,"_links":{"self":[{"href":"https:\/\/macronaturalsshop.com\/index.php?rest_route=\/wp\/v2\/product\/4207"}],"collection":[{"href":"https:\/\/macronaturalsshop.com\/index.php?rest_route=\/wp\/v2\/product"}],"about":[{"href":"https:\/\/macronaturalsshop.com\/index.php?rest_route=\/wp\/v2\/types\/product"}],"replies":[{"embeddable":true,"href":"https:\/\/macronaturalsshop.com\/index.php?rest_route=%2Fwp%2Fv2%2Fcomments&post=4207"}],"wp:featuredmedia":[{"embeddable":true,"href":"https:\/\/macronaturalsshop.com\/index.php?rest_route=\/wp\/v2\/media\/5462"}],"wp:attachment":[{"href":"https:\/\/macronaturalsshop.com\/index.php?rest_route=%2Fwp%2Fv2%2Fmedia&parent=4207"}],"wp:term":[{"taxonomy":"product_brand","embeddable":true,"href":"https:\/\/macronaturalsshop.com\/index.php?rest_route=%2Fwp%2Fv2%2Fproduct_brand&post=4207"},{"taxonomy":"product_cat","embeddable":true,"href":"https:\/\/macronaturalsshop.com\/index.php?rest_route=%2Fwp%2Fv2%2Fproduct_cat&post=4207"},{"taxonomy":"product_tag","embeddable":true,"href":"https:\/\/macronaturalsshop.com\/index.php?rest_route=%2Fwp%2Fv2%2Fproduct_tag&post=4207"}],"curies":[{"name":"wp","href":"https:\/\/api.w.org\/{rel}","templated":true}]}}