{"id":4209,"date":"2025-09-14T06:15:35","date_gmt":"2025-09-14T06:15:35","guid":{"rendered":"https:\/\/macronaturalsshop.com\/?post_type=product&#038;p=4209"},"modified":"2025-09-15T03:10:49","modified_gmt":"2025-09-15T03:10:49","slug":"oseogen-plus-colageno","status":"publish","type":"product","link":"https:\/\/macronaturalsshop.com\/?product=oseogen-plus-colageno","title":{"rendered":"Oseogen Plus 300 g"},"content":{"rendered":"<p>Oseogen mobility\u00a0 es un complemento alimenticio \u00fanico que incorpora en su composici\u00f3n nutrientes como el Col\u00e1geno Marino, la Condroitina, \u00a0el sulfato de glucosamina y la C\u00farcuma.<\/p>\n","protected":false},"excerpt":{"rendered":"<p>Ayuda contra los dolores musculares.<br \/>\nAyuda al funcionamiento normal de cartilagos y huesos.<\/p>\n","protected":false},"featured_media":4210,"comment_status":"open","ping_status":"closed","template":"","meta":[],"product_brand":[463],"product_cat":[430,380],"product_tag":[558,571,502,563,500,501,520,503],"class_list":{"0":"post-4209","1":"product","2":"type-product","3":"status-publish","4":"has-post-thumbnail","6":"product_brand-drasanvi","7":"product_cat-antinflamatorio-y-dolores","8":"product_cat-articulaciones","9":"product_tag-articulaciones","10":"product_tag-cartilagos","11":"product_tag-heredia","12":"product_tag-huesos","13":"product_tag-macrobiotica","14":"product_tag-natural","15":"product_tag-natural-shop","16":"product_tag-san-pablo","18":"first","19":"instock","20":"shipping-taxable","21":"purchasable","22":"product-type-simple"},"jetpack_sharing_enabled":true,"_links":{"self":[{"href":"https:\/\/macronaturalsshop.com\/index.php?rest_route=\/wp\/v2\/product\/4209"}],"collection":[{"href":"https:\/\/macronaturalsshop.com\/index.php?rest_route=\/wp\/v2\/product"}],"about":[{"href":"https:\/\/macronaturalsshop.com\/index.php?rest_route=\/wp\/v2\/types\/product"}],"replies":[{"embeddable":true,"href":"https:\/\/macronaturalsshop.com\/index.php?rest_route=%2Fwp%2Fv2%2Fcomments&post=4209"}],"wp:featuredmedia":[{"embeddable":true,"href":"https:\/\/macronaturalsshop.com\/index.php?rest_route=\/wp\/v2\/media\/4210"}],"wp:attachment":[{"href":"https:\/\/macronaturalsshop.com\/index.php?rest_route=%2Fwp%2Fv2%2Fmedia&parent=4209"}],"wp:term":[{"taxonomy":"product_brand","embeddable":true,"href":"https:\/\/macronaturalsshop.com\/index.php?rest_route=%2Fwp%2Fv2%2Fproduct_brand&post=4209"},{"taxonomy":"product_cat","embeddable":true,"href":"https:\/\/macronaturalsshop.com\/index.php?rest_route=%2Fwp%2Fv2%2Fproduct_cat&post=4209"},{"taxonomy":"product_tag","embeddable":true,"href":"https:\/\/macronaturalsshop.com\/index.php?rest_route=%2Fwp%2Fv2%2Fproduct_tag&post=4209"}],"curies":[{"name":"wp","href":"https:\/\/api.w.org\/{rel}","templated":true}]}}