{"id":4211,"date":"2025-09-14T06:20:53","date_gmt":"2025-09-14T06:20:53","guid":{"rendered":"https:\/\/macronaturalsshop.com\/?post_type=product&#038;p=4211"},"modified":"2025-09-15T03:21:55","modified_gmt":"2025-09-15T03:21:55","slug":"picolinato-de-cromo-iii-90-comp","status":"publish","type":"product","link":"https:\/\/macronaturalsshop.com\/?product=picolinato-de-cromo-iii-90-comp","title":{"rendered":"Mineral Picolinato de Cromo III"},"content":{"rendered":"<p>El Cromo es un mineral esencial para mantener un equilibro metab\u00f3lico adecuado. Est\u00e1 relacionado con diferentes funciones clave en el organismo, entre las que se incluye el apoyo a la regulaci\u00f3n de los niveles de glucosa en sangre. Drasanvi opta por el Picolinato de Cromo, que ha demostrado tener una biodisponibilidad superior a otras fuentes de cromo del mercado. Apuesta por la excelencia en absorci\u00f3n y benef\u00edciate de una salud y bienestar \u00f3ptimos.<\/p>\n","protected":false},"excerpt":{"rendered":"<p>El Picolinato de Cromo III es un suplemento esencial para quienes buscan mantener sus niveles de az\u00facar en sangre equilibrados. Este mineral clave ayuda en el metabolismo de carbohidratos, grasas y prote\u00ednas, facilitando el control del peso y manteniendo tu energ\u00eda estable durante todo el d\u00eda.<\/p>\n","protected":false},"featured_media":5465,"comment_status":"open","ping_status":"closed","template":"","meta":[],"product_brand":[463],"product_cat":[388,448],"product_tag":[605,584,502,500,501,520,503],"class_list":{"0":"post-4211","1":"product","2":"type-product","3":"status-publish","4":"has-post-thumbnail","6":"product_brand-drasanvi","7":"product_cat-control-de-peso","8":"product_cat-circulacion","9":"product_tag-azucar-en-la-sangre","10":"product_tag-control-de-peso","11":"product_tag-heredia","12":"product_tag-macrobiotica","13":"product_tag-natural","14":"product_tag-natural-shop","15":"product_tag-san-pablo","17":"first","18":"instock","19":"shipping-taxable","20":"purchasable","21":"product-type-simple"},"jetpack_sharing_enabled":true,"_links":{"self":[{"href":"https:\/\/macronaturalsshop.com\/index.php?rest_route=\/wp\/v2\/product\/4211"}],"collection":[{"href":"https:\/\/macronaturalsshop.com\/index.php?rest_route=\/wp\/v2\/product"}],"about":[{"href":"https:\/\/macronaturalsshop.com\/index.php?rest_route=\/wp\/v2\/types\/product"}],"replies":[{"embeddable":true,"href":"https:\/\/macronaturalsshop.com\/index.php?rest_route=%2Fwp%2Fv2%2Fcomments&post=4211"}],"wp:featuredmedia":[{"embeddable":true,"href":"https:\/\/macronaturalsshop.com\/index.php?rest_route=\/wp\/v2\/media\/5465"}],"wp:attachment":[{"href":"https:\/\/macronaturalsshop.com\/index.php?rest_route=%2Fwp%2Fv2%2Fmedia&parent=4211"}],"wp:term":[{"taxonomy":"product_brand","embeddable":true,"href":"https:\/\/macronaturalsshop.com\/index.php?rest_route=%2Fwp%2Fv2%2Fproduct_brand&post=4211"},{"taxonomy":"product_cat","embeddable":true,"href":"https:\/\/macronaturalsshop.com\/index.php?rest_route=%2Fwp%2Fv2%2Fproduct_cat&post=4211"},{"taxonomy":"product_tag","embeddable":true,"href":"https:\/\/macronaturalsshop.com\/index.php?rest_route=%2Fwp%2Fv2%2Fproduct_tag&post=4211"}],"curies":[{"name":"wp","href":"https:\/\/api.w.org\/{rel}","templated":true}]}}