{"id":4216,"date":"2025-09-14T06:25:58","date_gmt":"2025-09-14T06:25:58","guid":{"rendered":"https:\/\/macronaturalsshop.com\/?post_type=product&#038;p=4216"},"modified":"2025-09-15T03:35:12","modified_gmt":"2025-09-15T03:35:12","slug":"rhodiola-b6-60-caps","status":"publish","type":"product","link":"https:\/\/macronaturalsshop.com\/?product=rhodiola-b6-60-caps","title":{"rendered":"Valanz Rhodiola con Vitamina B6"},"content":{"rendered":"<p>Conocida como la \u00abra\u00edz dorada\u00bb, la Rhodiola es una hierba que crece en las regiones m\u00e1s fr\u00edas y monta\u00f1osas de Europa y Asia. Sus propiedades energizantes son bien conocidas por la medicina tradicional china, escandinava y siberiana. Aumenta la energ\u00eda, la fuerza, la resistencia f\u00edsica, mejora la capacidad muscular durante el ejercicio f\u00edsico y destaca su efecto antiinflamatorio y de protecci\u00f3n muscular durante el ejercicio intenso. Reduce la fatiga o agotamiento cr\u00f3nico. Posee propiedades adaptog\u00e9nicas para ayudar al cuerpo a responder al estr\u00e9s mental y f\u00edsico y a restaurar la\u00a0funcionalidad org\u00e1nica y emocional. Disminuye los s\u00edntomas de depresi\u00f3n y ansiedad leve a\u00a0moderada. Mejora el aprendizaje, la memoria y el resto de las\u00a0funciones cognitivas, las cuales se pueden ver afectadas en\u00a0periodos de estr\u00e9s o exceso de trabajo. Retrasa el proceso de envejecimiento, por su capacidad\u00a0antioxidante. Coadyuvante en el tratamiento de las concentraciones\u00a0elevadas de colesterol.<\/p>\n","protected":false},"excerpt":{"rendered":"<p>Aumenta la energ\u00eda, la fuerza y la resistencia f\u00edsica.<br \/>\nReduce la fatiga o agotamiento cr\u00f3nico.<br \/>\nPosee propiedades adaptog\u00e9nicas, para ayudar al cuerpo a responder al estr\u00e9s mental y f\u00edsico, y restaurar la<br \/>\nfuncionalidad org\u00e1nica y emocional normales.<br \/>\nMejora el aprendizaje, la memoria y el resto de las funciones cognitivas, las cuales se pueden ver afectadas en<br \/>\nperiodos de estr\u00e9s o exceso de trabajo.<\/p>\n","protected":false},"featured_media":5469,"comment_status":"open","ping_status":"closed","template":"","meta":[],"product_brand":[463],"product_cat":[393],"product_tag":[530,560,613,502,500,501,520,503],"class_list":{"0":"post-4216","1":"product","2":"type-product","3":"status-publish","4":"has-post-thumbnail","6":"product_brand-drasanvi","7":"product_cat-energia","8":"product_tag-control-de-estres","9":"product_tag-energia","10":"product_tag-fatiga","11":"product_tag-heredia","12":"product_tag-macrobiotica","13":"product_tag-natural","14":"product_tag-natural-shop","15":"product_tag-san-pablo","17":"first","18":"instock","19":"shipping-taxable","20":"purchasable","21":"product-type-simple"},"jetpack_sharing_enabled":true,"_links":{"self":[{"href":"https:\/\/macronaturalsshop.com\/index.php?rest_route=\/wp\/v2\/product\/4216"}],"collection":[{"href":"https:\/\/macronaturalsshop.com\/index.php?rest_route=\/wp\/v2\/product"}],"about":[{"href":"https:\/\/macronaturalsshop.com\/index.php?rest_route=\/wp\/v2\/types\/product"}],"replies":[{"embeddable":true,"href":"https:\/\/macronaturalsshop.com\/index.php?rest_route=%2Fwp%2Fv2%2Fcomments&post=4216"}],"wp:featuredmedia":[{"embeddable":true,"href":"https:\/\/macronaturalsshop.com\/index.php?rest_route=\/wp\/v2\/media\/5469"}],"wp:attachment":[{"href":"https:\/\/macronaturalsshop.com\/index.php?rest_route=%2Fwp%2Fv2%2Fmedia&parent=4216"}],"wp:term":[{"taxonomy":"product_brand","embeddable":true,"href":"https:\/\/macronaturalsshop.com\/index.php?rest_route=%2Fwp%2Fv2%2Fproduct_brand&post=4216"},{"taxonomy":"product_cat","embeddable":true,"href":"https:\/\/macronaturalsshop.com\/index.php?rest_route=%2Fwp%2Fv2%2Fproduct_cat&post=4216"},{"taxonomy":"product_tag","embeddable":true,"href":"https:\/\/macronaturalsshop.com\/index.php?rest_route=%2Fwp%2Fv2%2Fproduct_tag&post=4216"}],"curies":[{"name":"wp","href":"https:\/\/api.w.org\/{rel}","templated":true}]}}