{"id":4220,"date":"2025-09-14T06:35:41","date_gmt":"2025-09-14T06:35:41","guid":{"rendered":"https:\/\/macronaturalsshop.com\/?post_type=product&#038;p=4220"},"modified":"2025-09-15T03:44:40","modified_gmt":"2025-09-15T03:44:40","slug":"serum-rosa-mosqueta-30ml","status":"publish","type":"product","link":"https:\/\/macronaturalsshop.com\/?product=serum-rosa-mosqueta-30ml","title":{"rendered":"S\u00e9rum Rosa Mosqueta BIO"},"content":{"rendered":"<p>El s\u00e9rum de Rosa mosqueta de Drasanvi, est\u00e1 indicado para pieles secasy maduras. Gracias a su composici\u00f3n rica en aceite de Rosa mosqueta yaceite esencial de Geranio, conseguimos una piel hidratada y firme. Suaroma suave y foral, nos aportar\u00e1 vigor y feminidad. Indicado para pielessecas y maduras Antiarrugas, reafirmante.<\/p>\n","protected":false},"excerpt":{"rendered":"<p>Aporta gran hidrataci\u00f3n.<br \/>\nEspecial para pieles secas.<\/p>\n","protected":false},"featured_media":5473,"comment_status":"open","ping_status":"closed","template":"","meta":[],"product_brand":[463],"product_cat":[408],"product_tag":[502,500,501,520,509,503],"class_list":{"0":"post-4220","1":"product","2":"type-product","3":"status-publish","4":"has-post-thumbnail","6":"product_brand-drasanvi","7":"product_cat-cuidado-personal","8":"product_tag-heredia","9":"product_tag-macrobiotica","10":"product_tag-natural","11":"product_tag-natural-shop","12":"product_tag-piel","13":"product_tag-san-pablo","15":"first","16":"instock","17":"shipping-taxable","18":"purchasable","19":"product-type-simple"},"jetpack_sharing_enabled":true,"_links":{"self":[{"href":"https:\/\/macronaturalsshop.com\/index.php?rest_route=\/wp\/v2\/product\/4220"}],"collection":[{"href":"https:\/\/macronaturalsshop.com\/index.php?rest_route=\/wp\/v2\/product"}],"about":[{"href":"https:\/\/macronaturalsshop.com\/index.php?rest_route=\/wp\/v2\/types\/product"}],"replies":[{"embeddable":true,"href":"https:\/\/macronaturalsshop.com\/index.php?rest_route=%2Fwp%2Fv2%2Fcomments&post=4220"}],"wp:featuredmedia":[{"embeddable":true,"href":"https:\/\/macronaturalsshop.com\/index.php?rest_route=\/wp\/v2\/media\/5473"}],"wp:attachment":[{"href":"https:\/\/macronaturalsshop.com\/index.php?rest_route=%2Fwp%2Fv2%2Fmedia&parent=4220"}],"wp:term":[{"taxonomy":"product_brand","embeddable":true,"href":"https:\/\/macronaturalsshop.com\/index.php?rest_route=%2Fwp%2Fv2%2Fproduct_brand&post=4220"},{"taxonomy":"product_cat","embeddable":true,"href":"https:\/\/macronaturalsshop.com\/index.php?rest_route=%2Fwp%2Fv2%2Fproduct_cat&post=4220"},{"taxonomy":"product_tag","embeddable":true,"href":"https:\/\/macronaturalsshop.com\/index.php?rest_route=%2Fwp%2Fv2%2Fproduct_tag&post=4220"}],"curies":[{"name":"wp","href":"https:\/\/api.w.org\/{rel}","templated":true}]}}