{"id":4222,"date":"2025-09-14T06:40:39","date_gmt":"2025-09-14T06:40:39","guid":{"rendered":"https:\/\/macronaturalsshop.com\/?post_type=product&#038;p=4222"},"modified":"2025-09-15T03:49:17","modified_gmt":"2025-09-15T03:49:17","slug":"spray-corporal-citronela","status":"publish","type":"product","link":"https:\/\/macronaturalsshop.com\/?product=spray-corporal-citronela","title":{"rendered":"Spray corporal Citronela 150ml Vitaroms"},"content":{"rendered":"<p>Nuestro spray corporal est\u00e1 formulado con hidrolato de menta piperita que proporcionar\u00e1 un frescor inmediato en nuestra piel. Adem\u00e1s, los aceites esenciales de eucalito azul, citronela, espliego macho y menta piperita reforzar\u00e1n esa acci\u00f3n y nos ayudar\u00e1n a reducir las molestias t\u00edpicas del verano.<\/p>\n","protected":false},"excerpt":{"rendered":"<p>Un excelente repelente de mosquitos e insectos, ayuda como un calmante, reduce el estres, y la fatiga mental, alivia los dolores musculares.<\/p>\n","protected":false},"featured_media":5475,"comment_status":"open","ping_status":"closed","template":"","meta":[],"product_brand":[463],"product_cat":[408],"product_tag":[530,613,502,500,561,501,520,503],"class_list":{"0":"post-4222","1":"product","2":"type-product","3":"status-publish","4":"has-post-thumbnail","6":"product_brand-drasanvi","7":"product_cat-cuidado-personal","8":"product_tag-control-de-estres","9":"product_tag-fatiga","10":"product_tag-heredia","11":"product_tag-macrobiotica","12":"product_tag-musculos","13":"product_tag-natural","14":"product_tag-natural-shop","15":"product_tag-san-pablo","17":"first","18":"instock","19":"shipping-taxable","20":"purchasable","21":"product-type-simple"},"jetpack_sharing_enabled":true,"_links":{"self":[{"href":"https:\/\/macronaturalsshop.com\/index.php?rest_route=\/wp\/v2\/product\/4222"}],"collection":[{"href":"https:\/\/macronaturalsshop.com\/index.php?rest_route=\/wp\/v2\/product"}],"about":[{"href":"https:\/\/macronaturalsshop.com\/index.php?rest_route=\/wp\/v2\/types\/product"}],"replies":[{"embeddable":true,"href":"https:\/\/macronaturalsshop.com\/index.php?rest_route=%2Fwp%2Fv2%2Fcomments&post=4222"}],"wp:featuredmedia":[{"embeddable":true,"href":"https:\/\/macronaturalsshop.com\/index.php?rest_route=\/wp\/v2\/media\/5475"}],"wp:attachment":[{"href":"https:\/\/macronaturalsshop.com\/index.php?rest_route=%2Fwp%2Fv2%2Fmedia&parent=4222"}],"wp:term":[{"taxonomy":"product_brand","embeddable":true,"href":"https:\/\/macronaturalsshop.com\/index.php?rest_route=%2Fwp%2Fv2%2Fproduct_brand&post=4222"},{"taxonomy":"product_cat","embeddable":true,"href":"https:\/\/macronaturalsshop.com\/index.php?rest_route=%2Fwp%2Fv2%2Fproduct_cat&post=4222"},{"taxonomy":"product_tag","embeddable":true,"href":"https:\/\/macronaturalsshop.com\/index.php?rest_route=%2Fwp%2Fv2%2Fproduct_tag&post=4222"}],"curies":[{"name":"wp","href":"https:\/\/api.w.org\/{rel}","templated":true}]}}