{"id":4279,"date":"2025-08-13T04:00:35","date_gmt":"2025-08-13T04:00:35","guid":{"rendered":"https:\/\/macronaturalsshop.com\/?post_type=product&#038;p=4279"},"modified":"2025-08-14T01:36:56","modified_gmt":"2025-08-14T01:36:56","slug":"biotina-acido-hialuronico-vit-e-y-cbionat-60c","status":"publish","type":"product","link":"https:\/\/macronaturalsshop.com\/?product=biotina-acido-hialuronico-vit-e-y-cbionat-60c","title":{"rendered":"Biotina \u00c1cido Hialuronico + Vit. E y C"},"content":{"rendered":"<p>Las c\u00e1psulas de biotina, tambi\u00e9n conocida como vitamina B7, se utilizan principalmente para fortalecer el cabello y las u\u00f1as, y para mejorar la salud de la piel. Adem\u00e1s, la biotina juega un papel importante en el metabolismo, ayudando al cuerpo a convertir los alimentos en energ\u00eda.<\/p>\n","protected":false},"excerpt":{"rendered":"<p>&#8211; Efecto analg\u00e9sico.<br \/>\n&#8211; Lubrica las articulaciones.<br \/>\n&#8211; Fortalece el cabello y u\u00f1as.<br \/>\n&#8211; Mejora la apariencia de la piel.<\/p>\n","protected":false},"featured_media":4280,"comment_status":"open","ping_status":"closed","template":"","meta":[],"product_brand":[462],"product_cat":[408,398],"product_tag":[558,502,500,501,520,509,503,581],"class_list":{"0":"post-4279","1":"product","2":"type-product","3":"status-publish","4":"has-post-thumbnail","6":"product_brand-dr-vega","7":"product_cat-cuidado-personal","8":"product_cat-vit-y-min","9":"product_tag-articulaciones","10":"product_tag-heredia","11":"product_tag-macrobiotica","12":"product_tag-natural","13":"product_tag-natural-shop","14":"product_tag-piel","15":"product_tag-san-pablo","16":"product_tag-unas","18":"first","19":"instock","20":"shipping-taxable","21":"purchasable","22":"product-type-simple"},"jetpack_sharing_enabled":true,"_links":{"self":[{"href":"https:\/\/macronaturalsshop.com\/index.php?rest_route=\/wp\/v2\/product\/4279"}],"collection":[{"href":"https:\/\/macronaturalsshop.com\/index.php?rest_route=\/wp\/v2\/product"}],"about":[{"href":"https:\/\/macronaturalsshop.com\/index.php?rest_route=\/wp\/v2\/types\/product"}],"replies":[{"embeddable":true,"href":"https:\/\/macronaturalsshop.com\/index.php?rest_route=%2Fwp%2Fv2%2Fcomments&post=4279"}],"wp:featuredmedia":[{"embeddable":true,"href":"https:\/\/macronaturalsshop.com\/index.php?rest_route=\/wp\/v2\/media\/4280"}],"wp:attachment":[{"href":"https:\/\/macronaturalsshop.com\/index.php?rest_route=%2Fwp%2Fv2%2Fmedia&parent=4279"}],"wp:term":[{"taxonomy":"product_brand","embeddable":true,"href":"https:\/\/macronaturalsshop.com\/index.php?rest_route=%2Fwp%2Fv2%2Fproduct_brand&post=4279"},{"taxonomy":"product_cat","embeddable":true,"href":"https:\/\/macronaturalsshop.com\/index.php?rest_route=%2Fwp%2Fv2%2Fproduct_cat&post=4279"},{"taxonomy":"product_tag","embeddable":true,"href":"https:\/\/macronaturalsshop.com\/index.php?rest_route=%2Fwp%2Fv2%2Fproduct_tag&post=4279"}],"curies":[{"name":"wp","href":"https:\/\/api.w.org\/{rel}","templated":true}]}}