{"id":4281,"date":"2025-08-13T04:30:00","date_gmt":"2025-08-13T04:30:00","guid":{"rendered":"https:\/\/macronaturalsshop.com\/?post_type=product&#038;p=4281"},"modified":"2025-08-14T01:46:41","modified_gmt":"2025-08-14T01:46:41","slug":"cola-de-caballo-60-caps","status":"publish","type":"product","link":"https:\/\/macronaturalsshop.com\/?product=cola-de-caballo-60-caps","title":{"rendered":"Cola de Caballo"},"content":{"rendered":"<p>&#8211; Fortalece contra la Osteoporosis.<br \/>\n&#8211; Reduce las Hemorroides sangrantes.<br \/>\n&#8211; Alivia las \u00falceras g\u00e1stricas.<br \/>\n&#8211; Trata el c\u00e1ncer como el Hep\u00e1tico, G\u00e1strico y Colon.<\/p>\n","protected":false},"excerpt":{"rendered":"<p>&#8211; Fortalece contra la Osteoporosis.<br \/>\n&#8211; Reduce las Hemorroides sangrantes.<br \/>\n&#8211; Alivia las \u00falceras g\u00e1stricas.<br \/>\n&#8211; Trata el c\u00e1ncer como el Hep\u00e1tico, G\u00e1strico y Colon.<\/p>\n","protected":false},"featured_media":4282,"comment_status":"open","ping_status":"closed","template":"","meta":[],"product_brand":[462],"product_cat":[406,398],"product_tag":[599,502,500,501,520,600,503,601],"class_list":{"0":"post-4281","1":"product","2":"type-product","3":"status-publish","4":"has-post-thumbnail","6":"product_brand-dr-vega","7":"product_cat-rinones","8":"product_cat-vit-y-min","9":"product_tag-hemorroides","10":"product_tag-heredia","11":"product_tag-macrobiotica","12":"product_tag-natural","13":"product_tag-natural-shop","14":"product_tag-osteoporosis","15":"product_tag-san-pablo","16":"product_tag-ulceras","18":"first","19":"instock","20":"shipping-taxable","21":"purchasable","22":"product-type-simple"},"jetpack_sharing_enabled":true,"_links":{"self":[{"href":"https:\/\/macronaturalsshop.com\/index.php?rest_route=\/wp\/v2\/product\/4281"}],"collection":[{"href":"https:\/\/macronaturalsshop.com\/index.php?rest_route=\/wp\/v2\/product"}],"about":[{"href":"https:\/\/macronaturalsshop.com\/index.php?rest_route=\/wp\/v2\/types\/product"}],"replies":[{"embeddable":true,"href":"https:\/\/macronaturalsshop.com\/index.php?rest_route=%2Fwp%2Fv2%2Fcomments&post=4281"}],"wp:featuredmedia":[{"embeddable":true,"href":"https:\/\/macronaturalsshop.com\/index.php?rest_route=\/wp\/v2\/media\/4282"}],"wp:attachment":[{"href":"https:\/\/macronaturalsshop.com\/index.php?rest_route=%2Fwp%2Fv2%2Fmedia&parent=4281"}],"wp:term":[{"taxonomy":"product_brand","embeddable":true,"href":"https:\/\/macronaturalsshop.com\/index.php?rest_route=%2Fwp%2Fv2%2Fproduct_brand&post=4281"},{"taxonomy":"product_cat","embeddable":true,"href":"https:\/\/macronaturalsshop.com\/index.php?rest_route=%2Fwp%2Fv2%2Fproduct_cat&post=4281"},{"taxonomy":"product_tag","embeddable":true,"href":"https:\/\/macronaturalsshop.com\/index.php?rest_route=%2Fwp%2Fv2%2Fproduct_tag&post=4281"}],"curies":[{"name":"wp","href":"https:\/\/api.w.org\/{rel}","templated":true}]}}