{"id":4296,"date":"2025-08-18T05:01:42","date_gmt":"2025-08-18T05:01:42","guid":{"rendered":"https:\/\/macronaturalsshop.com\/?post_type=product&#038;p=4296"},"modified":"2025-08-19T00:29:33","modified_gmt":"2025-08-19T00:29:33","slug":"te-de-cipres-25-sobres","status":"publish","type":"product","link":"https:\/\/macronaturalsshop.com\/?product=te-de-cipres-25-sobres","title":{"rendered":"T\u00e9 de Cipr\u00e9s 25 sobres"},"content":{"rendered":"<p>&#8211; Poderoso diur\u00e9tico.<br \/>\n&#8211; Desinflama la pr\u00f3stata.<br \/>\n&#8211; Estr\u00f3geno natural.<br \/>\n&#8211; Combate los sofocos o calores de la menopausia.<\/p>\n","protected":false},"excerpt":{"rendered":"<p>&#8211; Poderoso diur\u00e9tico.<br \/>\n&#8211; Desinflama la pr\u00f3stata.<br \/>\n&#8211; Estr\u00f3geno natural.<br \/>\n&#8211; Combate los sofocos o calores de la menopausia.<\/p>\n","protected":false},"featured_media":4980,"comment_status":"open","ping_status":"closed","template":"","meta":[],"product_brand":[462],"product_cat":[439,448],"product_tag":[603,502,500,602,501,520,538,503],"class_list":{"0":"post-4296","1":"product","2":"type-product","3":"status-publish","4":"has-post-thumbnail","6":"product_brand-dr-vega","7":"product_cat-hormonal-mujer","8":"product_cat-circulacion","9":"product_tag-diuretico","10":"product_tag-heredia","11":"product_tag-macrobiotica","12":"product_tag-menopausia","13":"product_tag-natural","14":"product_tag-natural-shop","15":"product_tag-prostata","16":"product_tag-san-pablo","18":"first","19":"instock","20":"shipping-taxable","21":"purchasable","22":"product-type-simple"},"jetpack_sharing_enabled":true,"_links":{"self":[{"href":"https:\/\/macronaturalsshop.com\/index.php?rest_route=\/wp\/v2\/product\/4296"}],"collection":[{"href":"https:\/\/macronaturalsshop.com\/index.php?rest_route=\/wp\/v2\/product"}],"about":[{"href":"https:\/\/macronaturalsshop.com\/index.php?rest_route=\/wp\/v2\/types\/product"}],"replies":[{"embeddable":true,"href":"https:\/\/macronaturalsshop.com\/index.php?rest_route=%2Fwp%2Fv2%2Fcomments&post=4296"}],"wp:featuredmedia":[{"embeddable":true,"href":"https:\/\/macronaturalsshop.com\/index.php?rest_route=\/wp\/v2\/media\/4980"}],"wp:attachment":[{"href":"https:\/\/macronaturalsshop.com\/index.php?rest_route=%2Fwp%2Fv2%2Fmedia&parent=4296"}],"wp:term":[{"taxonomy":"product_brand","embeddable":true,"href":"https:\/\/macronaturalsshop.com\/index.php?rest_route=%2Fwp%2Fv2%2Fproduct_brand&post=4296"},{"taxonomy":"product_cat","embeddable":true,"href":"https:\/\/macronaturalsshop.com\/index.php?rest_route=%2Fwp%2Fv2%2Fproduct_cat&post=4296"},{"taxonomy":"product_tag","embeddable":true,"href":"https:\/\/macronaturalsshop.com\/index.php?rest_route=%2Fwp%2Fv2%2Fproduct_tag&post=4296"}],"curies":[{"name":"wp","href":"https:\/\/api.w.org\/{rel}","templated":true}]}}