{"id":4300,"date":"2025-08-13T06:10:55","date_gmt":"2025-08-13T06:10:55","guid":{"rendered":"https:\/\/macronaturalsshop.com\/?post_type=product&#038;p=4300"},"modified":"2025-09-22T01:26:13","modified_gmt":"2025-09-22T01:26:13","slug":"te-de-juanilama-y-guayaba-25-sobres","status":"publish","type":"product","link":"https:\/\/macronaturalsshop.com\/?product=te-de-juanilama-y-guayaba-25-sobres","title":{"rendered":"T\u00e9 de Juanilama y Guayaba 25 sobres"},"content":{"rendered":"<p>&#8211; Contiene geraniol que previene el c\u00e1ncer g\u00e1strico y de mama.<br \/>\n&#8211; Mejora el s\u00edndrome  de intestino irritable.<br \/>\n&#8211; Reduce el colesterol y los triglic\u00e9ridos.<\/p>\n","protected":false},"excerpt":{"rendered":"<p>&#8211; Contiene geraniol que previene el c\u00e1ncer g\u00e1strico y de mama.<br \/>\n&#8211; Mejora el s\u00edndrome  de intestino irritable.<br \/>\n&#8211; Reduce el colesterol y los triglic\u00e9ridos.<\/p>\n","protected":false},"featured_media":4983,"comment_status":"open","ping_status":"closed","template":"","meta":[],"product_brand":[462],"product_cat":[395,396],"product_tag":[546,502,500,501,520,503,547],"class_list":{"0":"post-4300","1":"product","2":"type-product","3":"status-publish","4":"has-post-thumbnail","6":"product_brand-dr-vega","7":"product_cat-trigliceridos","8":"product_cat-sistema-digestivo","9":"product_tag-colesterol","10":"product_tag-heredia","11":"product_tag-macrobiotica","12":"product_tag-natural","13":"product_tag-natural-shop","14":"product_tag-san-pablo","15":"product_tag-trigliceridos","17":"first","18":"instock","19":"shipping-taxable","20":"purchasable","21":"product-type-simple"},"jetpack_sharing_enabled":true,"_links":{"self":[{"href":"https:\/\/macronaturalsshop.com\/index.php?rest_route=\/wp\/v2\/product\/4300"}],"collection":[{"href":"https:\/\/macronaturalsshop.com\/index.php?rest_route=\/wp\/v2\/product"}],"about":[{"href":"https:\/\/macronaturalsshop.com\/index.php?rest_route=\/wp\/v2\/types\/product"}],"replies":[{"embeddable":true,"href":"https:\/\/macronaturalsshop.com\/index.php?rest_route=%2Fwp%2Fv2%2Fcomments&post=4300"}],"wp:featuredmedia":[{"embeddable":true,"href":"https:\/\/macronaturalsshop.com\/index.php?rest_route=\/wp\/v2\/media\/4983"}],"wp:attachment":[{"href":"https:\/\/macronaturalsshop.com\/index.php?rest_route=%2Fwp%2Fv2%2Fmedia&parent=4300"}],"wp:term":[{"taxonomy":"product_brand","embeddable":true,"href":"https:\/\/macronaturalsshop.com\/index.php?rest_route=%2Fwp%2Fv2%2Fproduct_brand&post=4300"},{"taxonomy":"product_cat","embeddable":true,"href":"https:\/\/macronaturalsshop.com\/index.php?rest_route=%2Fwp%2Fv2%2Fproduct_cat&post=4300"},{"taxonomy":"product_tag","embeddable":true,"href":"https:\/\/macronaturalsshop.com\/index.php?rest_route=%2Fwp%2Fv2%2Fproduct_tag&post=4300"}],"curies":[{"name":"wp","href":"https:\/\/api.w.org\/{rel}","templated":true}]}}